{"id":55829,"date":"2023-03-05T11:08:27","date_gmt":"2023-03-18T12:12:51","guid":{"rendered":"https:\/\/mestra.migracionesbgweb.com\/producto\/ultrasons-de-table-d7\/"},"modified":"2023-07-03T20:52:24","modified_gmt":"2023-07-03T18:52:24","slug":"ultrasons-de-table-d7","status":"publish","type":"product","link":"https:\/\/mestraold.lleset.com\/fr\/produit\/ultrasons-de-table-d7\/","title":{"rendered":"Ultrasons de table d7"},"content":{"rendered":"<p>3 Fonctions: D\u00c9TARTRAGE \u2013 P\u00c9RIODONTE \u2013 ENDODONTIE  <\/p>\n<p>\u00c9quip\u00e9e d\u2019un r\u00e9servoir pour liquides ou m\u00e9dicaments pour traitement.  <\/p>\n<p>Pi\u00e8ce \u00e0 main tipo SATELEC<\/p>\n<p>Mono-bloc livr\u00e9e avec 8 inserts.<\/p>\n","protected":false},"excerpt":{"rendered":"<p>3 Fonctions: D\u00c9TARTRAGE \u2013 P\u00c9RIODONTE \u2013 ENDODONTIE \u00c9quip\u00e9e d\u2019un r\u00e9servoir pour liquides ou m\u00e9dicaments pour traitement. Pi\u00e8ce \u00e0 main tipo SATELEC Mono-bloc livr\u00e9e avec 8 inserts.<\/p>\n","protected":false},"featured_media":19761,"template":"","meta":[],"product_cat":[181,190],"product_tag":[],"class_list":["post-55829","product","type-product","status-publish","has-post-thumbnail","hentry","product_cat-cabinet","product_cat-machines-cabinet"],"acf":[],"df_price":403.97,"df_sale_price":403.97,"df_regular_price":1142.76,"df_image_link":"https:\/\/mestraold.lleset.com\/wp-content\/uploads\/2021\/12\/Ultrasonidos-de-sobremesa-D7-300x272.jpg","_links":{"self":[{"href":"https:\/\/mestraold.lleset.com\/fr\/wp-json\/wp\/v2\/product\/55829","targetHints":{"allow":["GET"]}}],"collection":[{"href":"https:\/\/mestraold.lleset.com\/fr\/wp-json\/wp\/v2\/product"}],"about":[{"href":"https:\/\/mestraold.lleset.com\/fr\/wp-json\/wp\/v2\/types\/product"}],"wp:featuredmedia":[{"embeddable":true,"href":"https:\/\/mestraold.lleset.com\/fr\/wp-json\/wp\/v2\/media\/19761"}],"wp:attachment":[{"href":"https:\/\/mestraold.lleset.com\/fr\/wp-json\/wp\/v2\/media?parent=55829"}],"wp:term":[{"taxonomy":"product_cat","embeddable":true,"href":"https:\/\/mestraold.lleset.com\/fr\/wp-json\/wp\/v2\/product_cat?post=55829"},{"taxonomy":"product_tag","embeddable":true,"href":"https:\/\/mestraold.lleset.com\/fr\/wp-json\/wp\/v2\/product_tag?post=55829"}],"curies":[{"name":"wp","href":"https:\/\/api.w.org\/{rel}","templated":true}]}}