{"id":55828,"date":"2023-03-05T11:08:27","date_gmt":"2023-03-18T12:12:51","guid":{"rendered":"https:\/\/mestra.migracionesbgweb.com\/producto\/ultrasons-de-table-d5\/"},"modified":"2023-07-03T20:52:12","modified_gmt":"2023-07-03T18:52:12","slug":"ultrasons-de-table-d5","status":"publish","type":"product","link":"https:\/\/mestraold.lleset.com\/fr\/produit\/ultrasons-de-table-d5\/","title":{"rendered":"Ultrasons de table d5"},"content":{"rendered":"<p>3 Fonctions: D\u00c9TARTRAGE \u2013 P\u00c9RIODONTE \u2013 ENDODONTIE<\/p>\n<p>Pi\u00e8ce \u00e0 main tipo SATELEC <\/p>\n<p>Mono-bloc livr\u00e9e avec 6 inserts.<\/p>\n","protected":false},"excerpt":{"rendered":"<p>3 Fonctions: D\u00c9TARTRAGE \u2013 P\u00c9RIODONTE \u2013 ENDODONTIE Pi\u00e8ce \u00e0 main tipo SATELEC Mono-bloc livr\u00e9e avec 6 inserts.<\/p>\n","protected":false},"featured_media":19744,"template":"","meta":[],"product_cat":[181,190],"product_tag":[],"class_list":["post-55828","product","type-product","status-publish","has-post-thumbnail","hentry","product_cat-cabinet","product_cat-machines-cabinet"],"acf":[],"df_price":241.55,"df_sale_price":241.55,"df_regular_price":439.19,"df_image_link":"https:\/\/mestraold.lleset.com\/wp-content\/uploads\/2021\/12\/Ultrasonidos-de-sobremesa-D5-300x300.jpg","_links":{"self":[{"href":"https:\/\/mestraold.lleset.com\/fr\/wp-json\/wp\/v2\/product\/55828","targetHints":{"allow":["GET"]}}],"collection":[{"href":"https:\/\/mestraold.lleset.com\/fr\/wp-json\/wp\/v2\/product"}],"about":[{"href":"https:\/\/mestraold.lleset.com\/fr\/wp-json\/wp\/v2\/types\/product"}],"wp:featuredmedia":[{"embeddable":true,"href":"https:\/\/mestraold.lleset.com\/fr\/wp-json\/wp\/v2\/media\/19744"}],"wp:attachment":[{"href":"https:\/\/mestraold.lleset.com\/fr\/wp-json\/wp\/v2\/media?parent=55828"}],"wp:term":[{"taxonomy":"product_cat","embeddable":true,"href":"https:\/\/mestraold.lleset.com\/fr\/wp-json\/wp\/v2\/product_cat?post=55828"},{"taxonomy":"product_tag","embeddable":true,"href":"https:\/\/mestraold.lleset.com\/fr\/wp-json\/wp\/v2\/product_tag?post=55828"}],"curies":[{"name":"wp","href":"https:\/\/api.w.org\/{rel}","templated":true}]}}