{"id":55826,"date":"2023-03-18T13:12:51","date_gmt":"2023-03-18T12:12:51","guid":{"rendered":"https:\/\/mestra.migracionesbgweb.com\/producto\/ultrasons-de-table-d1\/"},"modified":"2023-05-08T13:46:31","modified_gmt":"2023-05-08T11:46:31","slug":"ultrasons-de-table-d1","status":"publish","type":"product","link":"https:\/\/mestraold.lleset.com\/fr\/produit\/ultrasons-de-table-d1\/","title":{"rendered":"Ultrasons de table D1"},"content":{"rendered":"<p>1 Fonctions: D\u00c9TARTRAGE  <\/p>\n<p>Pi\u00e8ce \u00e0 main type SATELEC<\/p>\n<p>Mono-bloc livr\u00e9e avec 5 inserts.<\/p>\n","protected":false},"excerpt":{"rendered":"<p>1 Fonctions: D\u00c9TARTRAGE Pi\u00e8ce \u00e0 main type SATELEC Mono-bloc livr\u00e9e avec 5 inserts.<\/p>\n","protected":false},"featured_media":19726,"template":"","meta":[],"product_cat":[181,190],"product_tag":[],"class_list":["post-55826","product","type-product","status-publish","has-post-thumbnail","hentry","product_cat-cabinet","product_cat-machines-cabinet"],"acf":[],"df_price":268.35,"df_sale_price":"","df_regular_price":268.35,"df_image_link":"https:\/\/mestraold.lleset.com\/wp-content\/uploads\/2021\/12\/132-ULTRASONIDOS-DE-SOBREMESA-D1-1-300x300.jpg","_links":{"self":[{"href":"https:\/\/mestraold.lleset.com\/fr\/wp-json\/wp\/v2\/product\/55826","targetHints":{"allow":["GET"]}}],"collection":[{"href":"https:\/\/mestraold.lleset.com\/fr\/wp-json\/wp\/v2\/product"}],"about":[{"href":"https:\/\/mestraold.lleset.com\/fr\/wp-json\/wp\/v2\/types\/product"}],"wp:featuredmedia":[{"embeddable":true,"href":"https:\/\/mestraold.lleset.com\/fr\/wp-json\/wp\/v2\/media\/19726"}],"wp:attachment":[{"href":"https:\/\/mestraold.lleset.com\/fr\/wp-json\/wp\/v2\/media?parent=55826"}],"wp:term":[{"taxonomy":"product_cat","embeddable":true,"href":"https:\/\/mestraold.lleset.com\/fr\/wp-json\/wp\/v2\/product_cat?post=55826"},{"taxonomy":"product_tag","embeddable":true,"href":"https:\/\/mestraold.lleset.com\/fr\/wp-json\/wp\/v2\/product_tag?post=55826"}],"curies":[{"name":"wp","href":"https:\/\/api.w.org\/{rel}","templated":true}]}}