{"id":55825,"date":"2023-03-05T11:06:41","date_gmt":"2023-03-18T12:12:14","guid":{"rendered":"https:\/\/mestra.migracionesbgweb.com\/producto\/polymeriseur-a-pression-poli-plus\/"},"modified":"2023-07-03T20:35:40","modified_gmt":"2023-07-03T18:35:40","slug":"polymeriseur-a-pression-poli-plus","status":"publish","type":"product","link":"https:\/\/mestraold.lleset.com\/fr\/produit\/polymeriseur-a-pression-poli-plus\/","title":{"rendered":"Polymeriseur a pression poli-plus"},"content":{"rendered":"<p>Fabriqu\u00e9 en acier inoxydable. <\/p>\n<p>Cuve en aluminium anodis\u00e9 munie d\u00b4un triple syst\u00e9me de s\u00e9curit\u00e9 lors de l\u00b4ouverture et de la fermeture du couvercle. <\/p>\n<p>Le contr\u00f4le et le fonctionnement de l\u00b4appareil se font par microprocesseur b\u00e9n\u00e9ficie d\u00b4un report de mise en route. <\/p>\n<p>La mont\u00e9e et le maintien en temp\u00e9rature sont enti\u00e8rement param\u00e9trables. <\/p>\n<p>\u00c0 la fin du cycle, poli-plus effectue d\u00b4une d\u00e9charge manuel et d\u00b4une d\u00e9connexion automatique.<\/p>\n","protected":false},"excerpt":{"rendered":"<p>Fabriqu\u00e9 en acier inoxydable. Cuve en aluminium anodis\u00e9 munie d\u00b4un triple syst\u00e9me de s\u00e9curit\u00e9 lors de l\u00b4ouverture et de la fermeture du couvercle. Le contr\u00f4le et le fonctionnement de l\u00b4appareil se font par microprocesseur b\u00e9n\u00e9ficie d\u00b4un report de mise en route. La mont\u00e9e et le maintien en temp\u00e9rature sont enti\u00e8rement param\u00e9trables. \u00c0 la fin du [&hellip;]<\/p>\n","protected":false},"featured_media":19717,"template":"","meta":[],"product_cat":[202,238],"product_tag":[],"class_list":["post-55825","product","type-product","status-publish","has-post-thumbnail","hentry","product_cat-laboratoire","product_cat-polymerisation"],"acf":[],"df_price":1877.11,"df_sale_price":1877.11,"df_regular_price":3412.93,"df_image_link":"https:\/\/mestraold.lleset.com\/wp-content\/uploads\/2021\/12\/106-POLI-PLUS-Polimerizadora-a-presion-300x213.jpg","_links":{"self":[{"href":"https:\/\/mestraold.lleset.com\/fr\/wp-json\/wp\/v2\/product\/55825","targetHints":{"allow":["GET"]}}],"collection":[{"href":"https:\/\/mestraold.lleset.com\/fr\/wp-json\/wp\/v2\/product"}],"about":[{"href":"https:\/\/mestraold.lleset.com\/fr\/wp-json\/wp\/v2\/types\/product"}],"wp:featuredmedia":[{"embeddable":true,"href":"https:\/\/mestraold.lleset.com\/fr\/wp-json\/wp\/v2\/media\/19717"}],"wp:attachment":[{"href":"https:\/\/mestraold.lleset.com\/fr\/wp-json\/wp\/v2\/media?parent=55825"}],"wp:term":[{"taxonomy":"product_cat","embeddable":true,"href":"https:\/\/mestraold.lleset.com\/fr\/wp-json\/wp\/v2\/product_cat?post=55825"},{"taxonomy":"product_tag","embeddable":true,"href":"https:\/\/mestraold.lleset.com\/fr\/wp-json\/wp\/v2\/product_tag?post=55825"}],"curies":[{"name":"wp","href":"https:\/\/api.w.org\/{rel}","templated":true}]}}