{"id":55824,"date":"2023-03-05T11:06:41","date_gmt":"2023-03-18T12:12:14","guid":{"rendered":"https:\/\/mestra.migracionesbgweb.com\/producto\/meuble-pour-laveuse\/"},"modified":"2023-07-03T10:13:49","modified_gmt":"2023-07-03T08:13:49","slug":"meuble-pour-laveuse","status":"publish","type":"product","link":"https:\/\/mestraold.lleset.com\/fr\/produit\/meuble-pour-laveuse\/","title":{"rendered":"Meuble pour laveuse"},"content":{"rendered":"<p>Construit enti\u00e8rement en acier. <\/p>\n<p>Forme un ensemble avec la Laveuse Polym\u00e9riseuse R-080060, pratique, esth\u00e9tique, durable et inalt\u00e9rable dans le laboratoire dentaire. <\/p>\n<p>Comprend trois \u00e9tag\u00e8res pour ranger moufles, brides ou autres accessoires utilis\u00e9s dans le processus de polym\u00e9risation.<\/p>\n","protected":false},"excerpt":{"rendered":"<p>Construit enti\u00e8rement en acier. Forme un ensemble avec la Laveuse Polym\u00e9riseuse R-080060, pratique, esth\u00e9tique, durable et inalt\u00e9rable dans le laboratoire dentaire. Comprend trois \u00e9tag\u00e8res pour ranger moufles, brides ou autres accessoires utilis\u00e9s dans le processus de polym\u00e9risation.<\/p>\n","protected":false},"featured_media":19700,"template":"","meta":[],"product_cat":[202,238],"product_tag":[],"class_list":["post-55824","product","type-product","status-publish","has-post-thumbnail","hentry","product_cat-laboratoire","product_cat-polymerisation"],"acf":[],"df_price":1052.57,"df_sale_price":"","df_regular_price":1052.57,"df_image_link":"https:\/\/mestraold.lleset.com\/wp-content\/uploads\/2021\/12\/1179-MUEBLE-LAVADORA-Ao-INOX-290x300.jpg","_links":{"self":[{"href":"https:\/\/mestraold.lleset.com\/fr\/wp-json\/wp\/v2\/product\/55824","targetHints":{"allow":["GET"]}}],"collection":[{"href":"https:\/\/mestraold.lleset.com\/fr\/wp-json\/wp\/v2\/product"}],"about":[{"href":"https:\/\/mestraold.lleset.com\/fr\/wp-json\/wp\/v2\/types\/product"}],"wp:featuredmedia":[{"embeddable":true,"href":"https:\/\/mestraold.lleset.com\/fr\/wp-json\/wp\/v2\/media\/19700"}],"wp:attachment":[{"href":"https:\/\/mestraold.lleset.com\/fr\/wp-json\/wp\/v2\/media?parent=55824"}],"wp:term":[{"taxonomy":"product_cat","embeddable":true,"href":"https:\/\/mestraold.lleset.com\/fr\/wp-json\/wp\/v2\/product_cat?post=55824"},{"taxonomy":"product_tag","embeddable":true,"href":"https:\/\/mestraold.lleset.com\/fr\/wp-json\/wp\/v2\/product_tag?post=55824"}],"curies":[{"name":"wp","href":"https:\/\/api.w.org\/{rel}","templated":true}]}}