{"id":55823,"date":"2023-03-05T11:06:41","date_gmt":"2023-03-18T12:12:14","guid":{"rendered":"https:\/\/mestra.migracionesbgweb.com\/producto\/laveuse-polymeriseuse-e2\/"},"modified":"2023-07-17T12:45:00","modified_gmt":"2023-07-17T10:45:00","slug":"laveuse-polymeriseuse-e2","status":"publish","type":"product","link":"https:\/\/mestraold.lleset.com\/fr\/produit\/laveuse-polymeriseuse-e2\/","title":{"rendered":"Laveuse polymeriseuse \u2013 E2"},"content":{"rendered":"<p>La laveuse-polymeriseuse E2 est munie d\u2019un dispositif qui modifie la temp\u00e9rature, suivant les programmes \u00e9tablis.<\/p>\n<table class=\"mceItemTable\" border=\"0\">\n<tbody>\n<tr valign=\"top\">\n<td><span class=\"Apple-style-span\">1.-<\/span><\/td>\n<td>\n<p><span class=\"Apple-style-span\">Programme (douche):<\/span><\/p>\n<p>L\u2019op\u00e9rateur ou l\u2019utilisateur peuvent programmer une temp\u00e9rature (ex: 80 \u00b0C). La LP E2 est pr\u00eate \u00e0 doucher \u00e0 tout moment.<\/p>\n<table class=\"mceItemTable\" border=\"0\">\n<tbody>\n<tr>\n<td>a)-<\/td>\n<\/tr>\n<tr>\n<td>b)<\/td>\n<td>Le temps de douche souhait\u00e9.<\/td>\n<\/tr>\n<tr>\n<td>&#8211;<\/td>\n<td><\/td>\n<\/tr>\n<\/tbody>\n<\/table>\n<\/td>\n<\/tr>\n<tr valign=\"top\">\n<td><span class=\"Apple-style-span\">2.<\/span><\/td>\n<td><span class=\"Apple-style-span\">Programme de polym\u00e9risation:<\/span><\/p>\n<table class=\"mceItemTable\" border=\"0\">\n<tbody>\n<tr valign=\"top\">\n<td>a)-<\/td>\n<td>Un temps d\u00b4attente en heures et en minutes de 0.00 \u00e0 99 heures 59 minutes. Ce temps permet de programmer un d\u00e9marrage retard\u00e9, de mani\u00e8re \u00e0 ce que le programme commence \u00e0 \u00eatre ex\u00e9cut\u00e9 \u00e0 une heure d\u00e9termin\u00e9e. Ce temps est ex\u00e9cut\u00e9, chaque fois que le programme se met en marche.<\/td>\n<\/tr>\n<tr valign=\"top\">\n<td>b)<\/td>\n<td>La dur\u00e9e de chaque mont\u00e9e de temp\u00e9rature, contr\u00f4l\u00e9e en heures et en minutes, de 0.00 \u00e0 99 heures 59 minutes.<\/td>\n<\/tr>\n<tr>\n<td>c)<\/td>\n<td>Le temps de maintien senhart\u00e9 en heures et en minutes, de 0.00 \u00e0 99 heures 59 minutes de chaque mont\u00e9e.<\/td>\n<\/tr>\n<tr>\n<td>d)<\/td>\n<td>Le temps souhait\u00e9 de douche.<\/td>\n<\/tr>\n<tr>\n<td>&#8211;<\/td>\n<td><\/td>\n<\/tr>\n<\/tbody>\n<\/table>\n<\/td>\n<\/tr>\n<\/tbody>\n<\/table>\n<p>Polym\u00e9risation: 12 moufles avec brides R \u2013 030380 95 \u00b0C.<\/p>\n<p>Ebouillantage: 6 moufles (ouvertes) (\u00b18 minutes) 85 \u00b0C.<\/p>\n<p>Caisson: Acier inoxydable<\/p>\n","protected":false},"excerpt":{"rendered":"<p>La laveuse-polymeriseuse E2 est munie d\u2019un dispositif qui modifie la temp\u00e9rature, suivant les programmes \u00e9tablis. 1.- Programme (douche): L\u2019op\u00e9rateur ou l\u2019utilisateur peuvent programmer une temp\u00e9rature (ex: 80 \u00b0C). La LP E2 est pr\u00eate \u00e0 doucher \u00e0 tout moment. a)- b) Le temps de douche souhait\u00e9. &#8211; 2. Programme de polym\u00e9risation: a)- Un temps d\u00b4attente en [&hellip;]<\/p>\n","protected":false},"featured_media":39710,"template":"","meta":[],"product_cat":[202,238],"product_tag":[],"class_list":["post-55823","product","type-product","status-publish","has-post-thumbnail","hentry","product_cat-laboratoire","product_cat-polymerisation"],"acf":[],"df_price":2747.52,"df_sale_price":2747.52,"df_regular_price":4995.49,"df_image_link":"https:\/\/mestraold.lleset.com\/wp-content\/uploads\/2023\/02\/149-LAVA-POLIMERIZADORA-E2-A.-INOX-300x265.jpg","_links":{"self":[{"href":"https:\/\/mestraold.lleset.com\/fr\/wp-json\/wp\/v2\/product\/55823","targetHints":{"allow":["GET"]}}],"collection":[{"href":"https:\/\/mestraold.lleset.com\/fr\/wp-json\/wp\/v2\/product"}],"about":[{"href":"https:\/\/mestraold.lleset.com\/fr\/wp-json\/wp\/v2\/types\/product"}],"wp:featuredmedia":[{"embeddable":true,"href":"https:\/\/mestraold.lleset.com\/fr\/wp-json\/wp\/v2\/media\/39710"}],"wp:attachment":[{"href":"https:\/\/mestraold.lleset.com\/fr\/wp-json\/wp\/v2\/media?parent=55823"}],"wp:term":[{"taxonomy":"product_cat","embeddable":true,"href":"https:\/\/mestraold.lleset.com\/fr\/wp-json\/wp\/v2\/product_cat?post=55823"},{"taxonomy":"product_tag","embeddable":true,"href":"https:\/\/mestraold.lleset.com\/fr\/wp-json\/wp\/v2\/product_tag?post=55823"}],"curies":[{"name":"wp","href":"https:\/\/api.w.org\/{rel}","templated":true}]}}