{"id":55821,"date":"2023-03-05T11:06:41","date_gmt":"2023-03-18T12:12:14","guid":{"rendered":"https:\/\/mestra.migracionesbgweb.com\/producto\/appareil-a-photopolymeriser-sun-beam\/"},"modified":"2023-07-17T16:20:59","modified_gmt":"2023-07-17T14:20:59","slug":"appareil-a-photopolymeriser-sun-beam","status":"publish","type":"product","link":"https:\/\/mestraold.lleset.com\/fr\/produit\/appareil-a-photopolymeriser-sun-beam\/","title":{"rendered":"Appareil a photopolymeriser \u00ab\u00a0sun beam\u00a0\u00bb"},"content":{"rendered":"<p>Appareil \u00e0 photopolym\u00e9riser fabriqu\u00e9 enti\u00e8rement en acier inoxydable.<\/p>\n<p>Couvre le spectre d\u2019\u00e9mission de 280 \u00e0 550 nanom\u00e8tres, couvrant ainsi la quasi totalit\u00e9 des longueurs d\u2019onde utilis\u00e9es dans la polym\u00e9risation de mat\u00e9riaux dentaires.<\/p>\n<p>C\u2019est un appareil incontournable dans le laboratoire et le cabinet dentaire.<\/p>\n<p>Parmi ses principales caract\u00e9ristiques L\u2019appareil \u00e0 photopolym\u00e9riser \u00absun beam\u00bb est \u00e9quip\u00e9 d\u2019un contr\u00f4le \u00e9lectronique avec affichage Digitale, d\u2019un signal acoustique de fin de cycle, et d\u2019une programmation gr\u00e2ce \u00e0 une commande unique de type \u00abencoder\u00bb; L\u2019acc\u00e8s \u00e0 l\u2019int\u00e9rieur de l\u2019appareil par une porte situ\u00e9e dans la partie sup\u00e9rieure est tr\u00e8s ais\u00e9 ; un signal acoustique annon\u00e7ant la besoin de changer les lampes (chaque 500 heures de fonctionnement de l\u2019appareil); plateau tournant afin d\u2019obtenir une meilleure r\u00e9partition de la lumi\u00e8re (\u00d8 135 mm); visioon panoramique depuis un ceilleton situ\u00e9 dans la partie sup\u00e9rieure de la machine; un interrupteur de s\u00e9curit\u00e9 qui \u00e9teint les lampes lorsque l\u2019on ouvre la porte.<\/p>\n","protected":false},"excerpt":{"rendered":"<p>Acier inox.<\/p>\n","protected":false},"featured_media":19657,"template":"","meta":[],"product_cat":[202,238],"product_tag":[],"class_list":["post-55821","product","type-product","status-publish","has-post-thumbnail","hentry","product_cat-laboratoire","product_cat-polymerisation"],"acf":[],"df_price":907.37,"df_sale_price":907.37,"df_regular_price":1649.76,"df_image_link":"https:\/\/mestraold.lleset.com\/wp-content\/uploads\/2021\/12\/679-LAMPARA-POLIMERIZADORA-SUN-BEAM-300x191.jpg","_links":{"self":[{"href":"https:\/\/mestraold.lleset.com\/fr\/wp-json\/wp\/v2\/product\/55821","targetHints":{"allow":["GET"]}}],"collection":[{"href":"https:\/\/mestraold.lleset.com\/fr\/wp-json\/wp\/v2\/product"}],"about":[{"href":"https:\/\/mestraold.lleset.com\/fr\/wp-json\/wp\/v2\/types\/product"}],"wp:featuredmedia":[{"embeddable":true,"href":"https:\/\/mestraold.lleset.com\/fr\/wp-json\/wp\/v2\/media\/19657"}],"wp:attachment":[{"href":"https:\/\/mestraold.lleset.com\/fr\/wp-json\/wp\/v2\/media?parent=55821"}],"wp:term":[{"taxonomy":"product_cat","embeddable":true,"href":"https:\/\/mestraold.lleset.com\/fr\/wp-json\/wp\/v2\/product_cat?post=55821"},{"taxonomy":"product_tag","embeddable":true,"href":"https:\/\/mestraold.lleset.com\/fr\/wp-json\/wp\/v2\/product_tag?post=55821"}],"curies":[{"name":"wp","href":"https:\/\/api.w.org\/{rel}","templated":true}]}}