{"id":55819,"date":"2023-03-05T11:06:41","date_gmt":"2023-03-18T12:12:14","guid":{"rendered":"https:\/\/mestra.migracionesbgweb.com\/producto\/lampe-a-photopolymeriser\/"},"modified":"2023-07-17T16:23:18","modified_gmt":"2023-07-17T14:23:18","slug":"lampe-a-photopolymeriser","status":"publish","type":"product","link":"https:\/\/mestraold.lleset.com\/fr\/produit\/lampe-a-photopolymeriser\/","title":{"rendered":"Lampe a photopolymeriser"},"content":{"rendered":"<p>Produit \u00e9conomique, robuste et fiable.<\/p>\n<p>Est pourvu d\u2019une chambre illumin\u00e9e gr\u00e2ce \u00e0 quatre lampes compactes fluorescentes (puissance lumineuse totale 9 W x 4 = 36 W) qui \u00e9mettent dans une frange 350 \u00e0 400 nanom\u00e8tres.<\/p>\n<p>Son large plateau int\u00e9rieur permet d\u2019introduire jusqu\u2019\u00e0 4 mod\u00e8les \u00e0 photo polym\u00e9riser en m\u00eame temps.<\/p>\n<p>Gr\u00e2ce \u00e0 une minuterie on peut s\u00e9lectionner un temps de fonctionnement allant jusqu\u2019\u00e0 15 minutes.<\/p>\n<p>En fin de cycle, la machine \u00e9met un signal acoustique.<\/p>\n","protected":false},"excerpt":{"rendered":"<p>Produit \u00e9conomique, robuste et fiable. Est pourvu d\u2019une chambre illumin\u00e9e gr\u00e2ce \u00e0 quatre lampes compactes fluorescentes (puissance lumineuse totale 9 W x 4 = 36 W) qui \u00e9mettent dans une frange 350 \u00e0 400 nanom\u00e8tres. Son large plateau int\u00e9rieur permet d\u2019introduire jusqu\u2019\u00e0 4 mod\u00e8les \u00e0 photo polym\u00e9riser en m\u00eame temps. Gr\u00e2ce \u00e0 une minuterie on [&hellip;]<\/p>\n","protected":false},"featured_media":19635,"template":"","meta":[],"product_cat":[202,238],"product_tag":[],"class_list":["post-55819","product","type-product","status-publish","has-post-thumbnail","hentry","product_cat-laboratoire","product_cat-polymerisation"],"acf":[],"df_price":209.83,"df_sale_price":209.83,"df_regular_price":381.5,"df_image_link":"https:\/\/mestraold.lleset.com\/wp-content\/uploads\/2021\/12\/138-LAMPARA-POLIMERIZADORA-300x225.jpg","_links":{"self":[{"href":"https:\/\/mestraold.lleset.com\/fr\/wp-json\/wp\/v2\/product\/55819","targetHints":{"allow":["GET"]}}],"collection":[{"href":"https:\/\/mestraold.lleset.com\/fr\/wp-json\/wp\/v2\/product"}],"about":[{"href":"https:\/\/mestraold.lleset.com\/fr\/wp-json\/wp\/v2\/types\/product"}],"wp:featuredmedia":[{"embeddable":true,"href":"https:\/\/mestraold.lleset.com\/fr\/wp-json\/wp\/v2\/media\/19635"}],"wp:attachment":[{"href":"https:\/\/mestraold.lleset.com\/fr\/wp-json\/wp\/v2\/media?parent=55819"}],"wp:term":[{"taxonomy":"product_cat","embeddable":true,"href":"https:\/\/mestraold.lleset.com\/fr\/wp-json\/wp\/v2\/product_cat?post=55819"},{"taxonomy":"product_tag","embeddable":true,"href":"https:\/\/mestraold.lleset.com\/fr\/wp-json\/wp\/v2\/product_tag?post=55819"}],"curies":[{"name":"wp","href":"https:\/\/api.w.org\/{rel}","templated":true}]}}