{"id":55817,"date":"2023-03-05T11:06:41","date_gmt":"2023-03-18T12:12:14","guid":{"rendered":"https:\/\/mestra.migracionesbgweb.com\/producto\/micro-moteur-pour-lendodontie-sans-fil\/"},"modified":"2023-07-03T20:53:27","modified_gmt":"2023-07-03T18:53:27","slug":"micro-moteur-pour-lendodontie-sans-fil","status":"publish","type":"product","link":"https:\/\/mestraold.lleset.com\/fr\/produit\/micro-moteur-pour-lendodontie-sans-fil\/","title":{"rendered":"Micro moteur pour l&rsquo;endodontie sans fil"},"content":{"rendered":"<p>Design optimis\u00e9 pour l\u2019interface de l\u2019utilisateur.<\/p>\n<p>Corps ergonomique et compact.<\/p>\n<p>5 programmes de m\u00e9moire.<\/p>\n<p>Vitesse contr\u00f4l\u00e9e de 100 \u00e0 600 t\/min<\/p>\n<p>Fonctions automatiques d\u2019inversion et d\u2019arr\u00eat.<\/p>\n<p>Sans c\u00e2ble (socle chargeur).<\/p>\n<p>T\u00eate st\u00e9rilisable \u00e0 135 \u00b0C<\/p>\n","protected":false},"excerpt":{"rendered":"<p>Design optimis\u00e9 pour l\u2019interface de l\u2019utilisateur. Corps ergonomique et compact. 5 programmes de m\u00e9moire. Vitesse contr\u00f4l\u00e9e de 100 \u00e0 600 t\/min Fonctions automatiques d\u2019inversion et d\u2019arr\u00eat. Sans c\u00e2ble (socle chargeur). T\u00eate st\u00e9rilisable \u00e0 135 \u00b0C<\/p>\n","protected":false},"featured_media":19557,"template":"","meta":[],"product_cat":[181,190],"product_tag":[],"class_list":["post-55817","product","type-product","status-publish","has-post-thumbnail","hentry","product_cat-cabinet","product_cat-machines-cabinet"],"acf":[],"df_price":528.3,"df_sale_price":528.3,"df_regular_price":960.54,"df_image_link":"https:\/\/mestraold.lleset.com\/wp-content\/uploads\/2021\/12\/1222-MOTOR-ENDODONCIA-SIN-CABLES-1-300x300.jpg","_links":{"self":[{"href":"https:\/\/mestraold.lleset.com\/fr\/wp-json\/wp\/v2\/product\/55817","targetHints":{"allow":["GET"]}}],"collection":[{"href":"https:\/\/mestraold.lleset.com\/fr\/wp-json\/wp\/v2\/product"}],"about":[{"href":"https:\/\/mestraold.lleset.com\/fr\/wp-json\/wp\/v2\/types\/product"}],"wp:featuredmedia":[{"embeddable":true,"href":"https:\/\/mestraold.lleset.com\/fr\/wp-json\/wp\/v2\/media\/19557"}],"wp:attachment":[{"href":"https:\/\/mestraold.lleset.com\/fr\/wp-json\/wp\/v2\/media?parent=55817"}],"wp:term":[{"taxonomy":"product_cat","embeddable":true,"href":"https:\/\/mestraold.lleset.com\/fr\/wp-json\/wp\/v2\/product_cat?post=55817"},{"taxonomy":"product_tag","embeddable":true,"href":"https:\/\/mestraold.lleset.com\/fr\/wp-json\/wp\/v2\/product_tag?post=55817"}],"curies":[{"name":"wp","href":"https:\/\/api.w.org\/{rel}","templated":true}]}}