{"id":55816,"date":"2023-03-05T11:06:41","date_gmt":"2023-03-18T12:12:14","guid":{"rendered":"https:\/\/mestra.migracionesbgweb.com\/producto\/mini-tour-a-polir-vitesse-variable-blanche\/"},"modified":"2023-07-24T15:50:48","modified_gmt":"2023-07-24T13:50:48","slug":"mini-tour-a-polir-vitesse-variable-blanche","status":"publish","type":"product","link":"https:\/\/mestraold.lleset.com\/fr\/produit\/mini-tour-a-polir-vitesse-variable-blanche\/","title":{"rendered":"Mini tour a polir vitesse variable &#8211; blanche"},"content":{"rendered":"<p>Machine id\u00e9ale pour le polissage dans les environnements dentaires. En raison de ses dimensions r\u00e9duites, elle peut \u00eatre plac\u00e9e dans n&rsquo;importe quel coin, sans prendre beaucoup d&rsquo;espace. Elle dispose d&rsquo;un couple de rotation surprenant qui en fait un outil efficace.<\/p>\n<p>La vitesse peut \u00eatre ajust\u00e9e entre 2000 et 5000 tours par minute, il n&rsquo;y a donc pas de risque de br\u00fbler les mat\u00e9riaux en raison d&rsquo;une vitesse excessive.<\/p>\n<p>La stabilit\u00e9 de la machine est assur\u00e9e par une large base et des ventouses.<\/p>\n<p>Elle dispose d&rsquo;un interrupteur de s\u00e9curit\u00e9 contre le d\u00e9marrage soudain.<\/p>\n<p>(Brosses non incluses)<\/p>\n","protected":false},"excerpt":{"rendered":"<p>Brosses non incluses<\/p>\n","protected":false},"featured_media":19544,"template":"","meta":[],"product_cat":[202],"product_tag":[],"class_list":["post-55816","product","type-product","status-publish","has-post-thumbnail","hentry","product_cat-laboratoire"],"acf":[],"df_price":162.89,"df_sale_price":162.89,"df_regular_price":296.17,"df_image_link":"https:\/\/mestraold.lleset.com\/wp-content\/uploads\/2021\/12\/1230-MINI-PULIDORA-VELOCIDAD-VARIABLE-300x300.jpg","_links":{"self":[{"href":"https:\/\/mestraold.lleset.com\/fr\/wp-json\/wp\/v2\/product\/55816","targetHints":{"allow":["GET"]}}],"collection":[{"href":"https:\/\/mestraold.lleset.com\/fr\/wp-json\/wp\/v2\/product"}],"about":[{"href":"https:\/\/mestraold.lleset.com\/fr\/wp-json\/wp\/v2\/types\/product"}],"wp:featuredmedia":[{"embeddable":true,"href":"https:\/\/mestraold.lleset.com\/fr\/wp-json\/wp\/v2\/media\/19544"}],"wp:attachment":[{"href":"https:\/\/mestraold.lleset.com\/fr\/wp-json\/wp\/v2\/media?parent=55816"}],"wp:term":[{"taxonomy":"product_cat","embeddable":true,"href":"https:\/\/mestraold.lleset.com\/fr\/wp-json\/wp\/v2\/product_cat?post=55816"},{"taxonomy":"product_tag","embeddable":true,"href":"https:\/\/mestraold.lleset.com\/fr\/wp-json\/wp\/v2\/product_tag?post=55816"}],"curies":[{"name":"wp","href":"https:\/\/api.w.org\/{rel}","templated":true}]}}