{"id":55813,"date":"2023-03-05T11:04:58","date_gmt":"2023-03-18T12:11:40","guid":{"rendered":"https:\/\/mestra.migracionesbgweb.com\/producto\/mini-box-tour-a-polir-gorbea\/"},"modified":"2023-07-24T15:43:04","modified_gmt":"2023-07-24T13:43:04","slug":"mini-box-tour-a-polir-gorbea","status":"publish","type":"product","link":"https:\/\/mestraold.lleset.com\/fr\/produit\/mini-box-tour-a-polir-gorbea\/","title":{"rendered":"Mini box &#8211; tour a polir \u00ab\u00a0gorbea\u00a0\u00bb"},"content":{"rendered":"<h3>Gorbea, puissance concentr\u00e9e.<\/h3>\n<p>Il ne s\u2019agit pas seulement de r\u00e9aliser les m\u00eames taches que les machines plus grandes:<\/p>\n<p>&#8211; Motor d\u2019une puissance \u00e9lev\u00e9e.<\/p>\n<p>&#8211; R\u00e9gulateur de vitesse (entre 2000 et 5000 t\/min.)<\/p>\n<p>&#8211; Est souvent associ\u00e9 \u00e0 la poussi\u00e8re et \u00e0 la salet\u00e9.<\/p>\n<p>&#8211; Lampe LED.<\/p>\n<p>&#8211; Visi\u00e8res de protection.<\/p>\n<p>&#8211; Contre les d\u00e9marages intempestifs.<\/p>\n<p>&#8211; Excellente stabilit\u00e9.<\/p>\n<p>(Brosses non incluses)<\/p>\n<p><span style=\"font-size: 26px; color: #000000;\"><strong>Le moteur<\/strong><\/span><\/p>\n<p>Lorsque l\u2019on est en concurrence avec des machines plus grandes en dimension, on se doit d\u2019avoir un coeur \u00e0 toute \u00e9preuve.<\/p>\n<p>Celui du tour \u00e0 polir Gorbea es un motor de courant continu et d\u2019une puissance \u00e9lev\u00e9e. Il est quasiment impossible de l\u2019arr\u00eater lors des op\u00e9rations courantes du laboratoire ou du cabinet dentaire. Vous serz surpris par son couple de d\u00e9marage et par sa stabilit\u00e9 durant son fonctionnement. Il est \u00e9galement \u00e9quip\u00e9 d\u2019un r\u00e9gulateur de vitesse (entre 1500 et 5000 t\/min.) tr\u00e8s pratique et utile lorsqu\u2019on est amen\u00e9 \u00e0 travailler diff\u00e9rents mat\u00e9riaux : acryliques, composites, alliages plus ou moins durs etc.<\/p>\n<p><span style=\"font-size: 26px; color: #000000;\"><strong>La s\u00e9curit\u00e9 <\/strong><\/span><\/p>\n<p>Il ne s\u2019agit pas seulement de r\u00e9aliser les m\u00eames taches que les machines plus grandes. Il est \u00e9galement indispensable que l\u2019op\u00e9rateur travaille dans les conditions de s\u00e9curit\u00e9 optimales.<\/p>\n<p>Pour MESTRA le concept de s\u00e9curit\u00e9 comprend deux facettes :<\/p>\n<p><strong>La s\u00e9curit\u00e9 passive:<\/strong>\u00a0Permettre que la posture de l\u2019op\u00e9rateur, l\u2019\u00e9clairage, l\u2019accessibilit\u00e9 aux commandes et \u00e0 la zone de travail soient les mieux adapt\u00e9s, est un grand pas vers la s\u00e9curit\u00e9. Il est av\u00e9r\u00e9 que les positions forc\u00e9es et inconfortables sont des facteurs importants de dangerosit\u00e9.<\/p>\n<p><strong>La s\u00e9curit\u00e9 active:<\/strong>\u00a0Visi\u00e8res de protection, interrupteur contre les d\u00e9marages intempestifs, installation \u00e9lectrique rehauss\u00e9e pr\u00e9serv\u00e9e de l\u2019humidit\u00e9, pieds en caoutchoux anti d\u00e9rapants sont \u00e9galement des \u00e9l\u00e9ments majeurs pour garantir la s\u00e9curit\u00e9 du produit. Il va sans dire que le tour \u00e0 Polir Gorbea compte sur tous ces atouts.<\/p>\n<p><span style=\"font-size: 26px; color: #000000;\"><strong>Syst\u00e8me d\u2019aspiration <\/strong><\/span><\/p>\n<p>Le travail de polissage est souvent associ\u00e9 \u00e0 la poussi\u00e8re et \u00e0 la salet\u00e9. Il est n\u00e9cessaire de disposer d\u2019un syst\u00e8me d\u2019aspiration efficace. Les conduits d\u2019aspiration du box de polissage Gorbea, sont semblables \u00e0 ceux qui \u00e9quipent les grands box.<\/p>\n<p>Selon le type de travaux \u00e0 r\u00e9aliser on pourra y accoupler une aspiration puissante (du type Eolo plus R-080532 ou du type Gemini R-080539); ou bien une aspiration plus mesur\u00e9e, compacte et de faible volume.<\/p>\n<p>Le box de polissage Gorbea peut s\u2019adapter \u00e0 l\u2019aspiration que vous aurez choisi en fonction de vos besoins.<\/p>\n<p>Pour garantir un entretien ais\u00e9 et efficace les tubes du syst\u00e8me d\u2019aspiration peuvent se d\u00e9saccoupler de la machine. Tout le circuit a \u00e9t\u00e9 con\u00e7u pour \u00e9viter des vibrations g\u00eanantes ou des sifflements lors de l\u2019utilisation.<\/p>\n<p>Le syst\u00e8me d\u2019aspiration peut se configurer de deux fa\u00e7ons distinctes : avec le tube de sortie lat\u00e9ral ou central.<\/p>\n<p><span style=\"font-size: 26px; color: #000000;\"><strong>L\u2019 ergonomie <\/strong><\/span><\/p>\n<p>A la s\u00e9curit\u00e9 dans le travail doit s\u2019ajouter le confort. Concevoir un produit compact aux dimensions r\u00e9duites, ne servirait \u00e0 rien si pour s\u2019en servir on devait forcer la posture de travail. Ce n\u2019est pas le cas du box de polissage Gorbea. La distance entre le bout du porte brosses et la partie lat\u00e9rale du tour \u00e0 polir est la m\u00eame que celle que l\u2019on trouve dans les tours \u00e0 polir conventionnels.<\/p>\n<p>On peut dire la m\u00eame chose au sujet de l\u2019angle visuel que l\u2019on aura sur l\u2019objet \u00e0 polir.: selon les lois anthropom\u00e9triques d\u2019usage, l\u2019utilisateur n\u2019aura aucun mal \u00e0 trouver un angle qui aligne le travail \u00e0 polir, la brosse, la visi\u00e8re de protection et ses yeux.<\/p>\n<p>La distance entre la projection du corps du tour \u00e0 polir et la zone de travail des mains face \u00e0 la brosse est plus grande -paradoxalement- que son \u00e9quivalent dans les tous \u00e0 polir conventionnels.<\/p>\n<p>Nous avons \u00e9galement port\u00e9 un soin particulier \u00e0 l\u2019\u00e9clairage dans la conception du box de polissage. Sa lampe LED d\u2019une temp\u00e9rature de 5500 K, offre une vision similaire \u00e0 celle de la lumi\u00e8re naturelle. De plus comme cet \u00e9clairage est plus proche des brosses, il n\u2019en est que plus efficace.<\/p>\n<p><span style=\"font-size: 26px; color: #000000;\"><strong>L\u2019Esth\u00e9tique<\/strong><\/span><\/p>\n<p>Parfois les petits gabarits nous surprennent par leur beaut\u00e9.<\/p>\n<p>Parfois les petits gabarits nous s\u00e9duisent plus que les grands. Le tour \u00e0 polir Gorbea a \u00e9t\u00e9 con\u00e7u \u00e0 ces fins Ses lignes \u00e9pur\u00e9es g\u00e9n\u00e8rent un effet visuel des plus attractifs.<\/p>\n<p>Nos designers ont mis un accent particulier sur un mod\u00e8le qui ne d\u00e9note ni dans le cabinet ni dans le laboratoire. Le r\u00e9sultat leur a donn\u00e9 raison. Intelligence, praticit\u00e9, utilit\u00e9, esth\u00e9tique, \u00e9conomie, simplicit\u00e9, puissance, \u00e9l\u00e9gance, efficacit\u00e9 sont des qualit\u00e9s qui d\u00e9finissent le tour \u00e0 polir Gorbea. Que peut-on demander de plus \u00e0 une machine large d\u2019\u00e0 peine 40 cm ?.<\/p>\n<p>[vc_video link=\u00a0\u00bbhttps:\/\/www.youtube.com\/watch?v=UhZFDbtppEA&amp;t=1s\u00a0\u00bb]<\/p>\n","protected":false},"excerpt":{"rendered":"<p>Gorbea, puissance concentr\u00e9e. Il ne s\u2019agit pas seulement de r\u00e9aliser les m\u00eames taches que les machines plus grandes: &#8211; Motor d\u2019une puissance \u00e9lev\u00e9e. &#8211; R\u00e9gulateur de vitesse (entre 2000 et 5000 t\/min.) &#8211; Est souvent associ\u00e9 \u00e0 la poussi\u00e8re et \u00e0 la salet\u00e9. &#8211; Lampe LED. &#8211; Visi\u00e8res de protection. &#8211; Contre les d\u00e9marages intempestifs. [&hellip;]<\/p>\n","protected":false},"featured_media":19509,"template":"","meta":[],"product_cat":[202],"product_tag":[],"class_list":["post-55813","product","type-product","status-publish","has-post-thumbnail","hentry","product_cat-laboratoire"],"acf":[],"df_price":415.37,"df_sale_price":415.37,"df_regular_price":755.21,"df_image_link":"https:\/\/mestraold.lleset.com\/wp-content\/uploads\/2021\/12\/1274-MINI-BOX-PULIDORA-GORBEA-300x300.jpg","_links":{"self":[{"href":"https:\/\/mestraold.lleset.com\/fr\/wp-json\/wp\/v2\/product\/55813","targetHints":{"allow":["GET"]}}],"collection":[{"href":"https:\/\/mestraold.lleset.com\/fr\/wp-json\/wp\/v2\/product"}],"about":[{"href":"https:\/\/mestraold.lleset.com\/fr\/wp-json\/wp\/v2\/types\/product"}],"wp:featuredmedia":[{"embeddable":true,"href":"https:\/\/mestraold.lleset.com\/fr\/wp-json\/wp\/v2\/media\/19509"}],"wp:attachment":[{"href":"https:\/\/mestraold.lleset.com\/fr\/wp-json\/wp\/v2\/media?parent=55813"}],"wp:term":[{"taxonomy":"product_cat","embeddable":true,"href":"https:\/\/mestraold.lleset.com\/fr\/wp-json\/wp\/v2\/product_cat?post=55813"},{"taxonomy":"product_tag","embeddable":true,"href":"https:\/\/mestraold.lleset.com\/fr\/wp-json\/wp\/v2\/product_tag?post=55813"}],"curies":[{"name":"wp","href":"https:\/\/api.w.org\/{rel}","templated":true}]}}