{"id":55809,"date":"2023-03-05T11:04:58","date_gmt":"2023-03-18T12:11:40","guid":{"rendered":"https:\/\/mestra.migracionesbgweb.com\/producto\/micro-moteur-avec-charbons-45000-rpm\/"},"modified":"2023-09-04T11:50:05","modified_gmt":"2023-09-04T09:50:05","slug":"micro-moteur-avec-charbons-45000-rpm","status":"publish","type":"product","link":"https:\/\/mestraold.lleset.com\/fr\/produit\/micro-moteur-avec-charbons-45000-rpm\/","title":{"rendered":"Micro-moteur avec charbons &#8211; 45000 rpm"},"content":{"rendered":"<p>Sorties pour 2 pi\u00e8ces \u00e0 main.<\/p>\n<p>Rotation droite ou gauche.<\/p>\n<p>Souplesse de contr\u00f4le manuel ou \u00e0 p\u00e9dale.<\/p>\n<p>Protection automatique de surcharge.<\/p>\n","protected":false},"excerpt":{"rendered":"<p>45000 RPM<\/p>\n","protected":false},"featured_media":19473,"template":"","meta":[],"product_cat":[202],"product_tag":[],"class_list":["post-55809","product","type-product","status-publish","has-post-thumbnail","hentry","product_cat-laboratoire"],"acf":[],"df_price":312.17,"df_sale_price":312.17,"df_regular_price":567.59,"df_image_link":"https:\/\/mestraold.lleset.com\/wp-content\/uploads\/2021\/12\/1325-MICROMOTOR-DE-ESCOBILLAS-45000-RPM-300x300.jpg","_links":{"self":[{"href":"https:\/\/mestraold.lleset.com\/fr\/wp-json\/wp\/v2\/product\/55809","targetHints":{"allow":["GET"]}}],"collection":[{"href":"https:\/\/mestraold.lleset.com\/fr\/wp-json\/wp\/v2\/product"}],"about":[{"href":"https:\/\/mestraold.lleset.com\/fr\/wp-json\/wp\/v2\/types\/product"}],"wp:featuredmedia":[{"embeddable":true,"href":"https:\/\/mestraold.lleset.com\/fr\/wp-json\/wp\/v2\/media\/19473"}],"wp:attachment":[{"href":"https:\/\/mestraold.lleset.com\/fr\/wp-json\/wp\/v2\/media?parent=55809"}],"wp:term":[{"taxonomy":"product_cat","embeddable":true,"href":"https:\/\/mestraold.lleset.com\/fr\/wp-json\/wp\/v2\/product_cat?post=55809"},{"taxonomy":"product_tag","embeddable":true,"href":"https:\/\/mestraold.lleset.com\/fr\/wp-json\/wp\/v2\/product_tag?post=55809"}],"curies":[{"name":"wp","href":"https:\/\/api.w.org\/{rel}","templated":true}]}}