{"id":55806,"date":"2023-03-05T11:04:58","date_gmt":"2023-03-18T12:11:40","guid":{"rendered":"https:\/\/mestra.migracionesbgweb.com\/producto\/melangeur-alginate\/"},"modified":"2023-07-03T20:36:46","modified_gmt":"2023-07-03T18:36:46","slug":"melangeur-alginate","status":"publish","type":"product","link":"https:\/\/mestraold.lleset.com\/fr\/produit\/melangeur-alginate\/","title":{"rendered":"Melangeur alginate"},"content":{"rendered":"<p>Outil pratique pour l\u2019\u00e9laboration de p\u00e2te alginate dans les cliniques dentaires.  <\/p>\n<p>Son fonctionnement est simple. Il suffit de mettre la poudre et l\u2019eau dans un bol et d\u2019appuyer sur le bouton correspondant \u00e0 la vitesse de rotation (rapide\/lente). Durant le m\u00e9lange l\u2019utilisateur peut p\u00e9trir avec une spatule jusqu\u2019\u00e0 obtention de la consistance et de la texture voulues.  <\/p>\n<p>Le processus peut \u00eatre contr\u00f4l\u00e9 \u00e0 tout moment par le technicien, ce quigarantit un m\u00e9lange optimal pour son application. Pour faciliter len ettoyage le bol est d\u00e9montable. A noter \u00e9galement ses dimensions r\u00e9duites, sa ligne attractive et son nettoyage ais\u00e9.<\/p>\n<p>[vc_video link=\u00a0\u00bbhttps:\/\/www.youtube.com\/watch?v=TXv9OenZ5zM\u00a0\u00bb]<\/p>\n","protected":false},"excerpt":{"rendered":"<p>Outil pratique pour l\u2019\u00e9laboration de p\u00e2te alginate dans les cliniques dentaires. Son fonctionnement est simple. Il suffit de mettre la poudre et l\u2019eau dans un bol et d\u2019appuyer sur le bouton correspondant \u00e0 la vitesse de rotation (rapide\/lente). Durant le m\u00e9lange l\u2019utilisateur peut p\u00e9trir avec une spatule jusqu\u2019\u00e0 obtention de la consistance et de la [&hellip;]<\/p>\n","protected":false},"featured_media":19438,"template":"","meta":[],"product_cat":[181,190],"product_tag":[],"class_list":["post-55806","product","type-product","status-publish","has-post-thumbnail","hentry","product_cat-cabinet","product_cat-machines-cabinet"],"acf":[],"df_price":274.88,"df_sale_price":274.88,"df_regular_price":499.79,"df_image_link":"https:\/\/mestraold.lleset.com\/wp-content\/uploads\/2021\/12\/367-MEZCLADORA-DE-ALGINATO-300x225.jpg","_links":{"self":[{"href":"https:\/\/mestraold.lleset.com\/fr\/wp-json\/wp\/v2\/product\/55806","targetHints":{"allow":["GET"]}}],"collection":[{"href":"https:\/\/mestraold.lleset.com\/fr\/wp-json\/wp\/v2\/product"}],"about":[{"href":"https:\/\/mestraold.lleset.com\/fr\/wp-json\/wp\/v2\/types\/product"}],"wp:featuredmedia":[{"embeddable":true,"href":"https:\/\/mestraold.lleset.com\/fr\/wp-json\/wp\/v2\/media\/19438"}],"wp:attachment":[{"href":"https:\/\/mestraold.lleset.com\/fr\/wp-json\/wp\/v2\/media?parent=55806"}],"wp:term":[{"taxonomy":"product_cat","embeddable":true,"href":"https:\/\/mestraold.lleset.com\/fr\/wp-json\/wp\/v2\/product_cat?post=55806"},{"taxonomy":"product_tag","embeddable":true,"href":"https:\/\/mestraold.lleset.com\/fr\/wp-json\/wp\/v2\/product_tag?post=55806"}],"curies":[{"name":"wp","href":"https:\/\/api.w.org\/{rel}","templated":true}]}}