{"id":55801,"date":"2023-11-24T08:54:53","date_gmt":"2023-11-24T07:54:54","guid":{"rendered":"https:\/\/mestra.migracionesbgweb.com\/producto\/lamp-pour-blanchiment-m66a\/"},"modified":"2023-11-24T08:54:55","modified_gmt":"2023-11-24T07:54:55","slug":"lamp-pour-blanchiment-m66a","status":"publish","type":"product","link":"https:\/\/mestraold.lleset.com\/fr\/produit\/lamp-pour-blanchiment-m66a\/","title":{"rendered":"Lamp pour blanchiment m66a"},"content":{"rendered":"<p>Large spectre d&rsquo;\u00e9clairage (de 420 \u00e0 472 nm) et haute puissance (jusqu&rsquo;\u00e0 0,2 W\/m<sup>2<\/sup>).<\/p>\n<p>Facilement ajustable en hauteur et en orientation, gr\u00e2ce \u00e0 son pratique \u00ab\u00a0col de cygne\u00a0\u00bb.<\/p>\n<p>Son \u00e9cran num\u00e9rique affiche les temps, la puissance, etc. du processus de blanchiment.<\/p>\n<p>Il dispose \u00e9galement d&rsquo;une t\u00e9l\u00e9commande pratique.<\/p>\n","protected":false},"excerpt":{"rendered":"<p>Large spectre d&rsquo;\u00e9clairage (de 420 \u00e0 472 nm) et haute puissance (jusqu&rsquo;\u00e0 0,2 W\/m2). Facilement ajustable en hauteur et en orientation, gr\u00e2ce \u00e0 son pratique \u00ab\u00a0col de cygne\u00a0\u00bb. Son \u00e9cran num\u00e9rique affiche les temps, la puissance, etc. du processus de blanchiment. Il dispose \u00e9galement d&rsquo;une t\u00e9l\u00e9commande pratique.<\/p>\n","protected":false},"featured_media":19384,"template":"","meta":[],"product_cat":[181,190],"product_tag":[],"class_list":["post-55801","product","type-product","status-publish","has-post-thumbnail","hentry","product_cat-cabinet","product_cat-machines-cabinet"],"acf":[],"df_price":444.41,"df_sale_price":444.41,"df_regular_price":808.02,"df_image_link":"https:\/\/mestraold.lleset.com\/wp-content\/uploads\/2021\/12\/Lampara-de-blanqueamiento-116x300.jpg","_links":{"self":[{"href":"https:\/\/mestraold.lleset.com\/fr\/wp-json\/wp\/v2\/product\/55801","targetHints":{"allow":["GET"]}}],"collection":[{"href":"https:\/\/mestraold.lleset.com\/fr\/wp-json\/wp\/v2\/product"}],"about":[{"href":"https:\/\/mestraold.lleset.com\/fr\/wp-json\/wp\/v2\/types\/product"}],"wp:featuredmedia":[{"embeddable":true,"href":"https:\/\/mestraold.lleset.com\/fr\/wp-json\/wp\/v2\/media\/19384"}],"wp:attachment":[{"href":"https:\/\/mestraold.lleset.com\/fr\/wp-json\/wp\/v2\/media?parent=55801"}],"wp:term":[{"taxonomy":"product_cat","embeddable":true,"href":"https:\/\/mestraold.lleset.com\/fr\/wp-json\/wp\/v2\/product_cat?post=55801"},{"taxonomy":"product_tag","embeddable":true,"href":"https:\/\/mestraold.lleset.com\/fr\/wp-json\/wp\/v2\/product_tag?post=55801"}],"curies":[{"name":"wp","href":"https:\/\/api.w.org\/{rel}","templated":true}]}}