{"id":55800,"date":"2023-03-05T11:03:16","date_gmt":"2023-03-18T12:10:55","guid":{"rendered":"https:\/\/mestra.migracionesbgweb.com\/producto\/vibrateur-rond-petit\/"},"modified":"2023-07-12T12:57:19","modified_gmt":"2023-07-12T10:57:19","slug":"vibrateur-rond-petit","status":"publish","type":"product","link":"https:\/\/mestraold.lleset.com\/fr\/produit\/vibrateur-rond-petit\/","title":{"rendered":"Vibrateur rond petit"},"content":{"rendered":"<p>Vibrateur robuste et fiable \u00e0 un prix exceptionnel.<\/p>\n<p>Contr\u00f3le de la puissance \u00e0 4 positions.<\/p>\n","protected":false},"excerpt":{"rendered":"<p>Vibrateur robuste et fiable \u00e0 un prix exceptionnel. Contr\u00f3le de la puissance \u00e0 4 positions.<\/p>\n","protected":false},"featured_media":19375,"template":"","meta":[],"product_cat":[202,220],"product_tag":[],"class_list":["post-55800","product","type-product","status-publish","has-post-thumbnail","hentry","product_cat-laboratoire","product_cat-preparatin-de-modeles"],"acf":[],"df_price":189.74,"df_sale_price":"","df_regular_price":189.74,"df_image_link":"https:\/\/mestraold.lleset.com\/wp-content\/uploads\/2021\/12\/131-ELECTRO-VIBRADOR-REDONDO-pequeno-300x225.jpg","_links":{"self":[{"href":"https:\/\/mestraold.lleset.com\/fr\/wp-json\/wp\/v2\/product\/55800","targetHints":{"allow":["GET"]}}],"collection":[{"href":"https:\/\/mestraold.lleset.com\/fr\/wp-json\/wp\/v2\/product"}],"about":[{"href":"https:\/\/mestraold.lleset.com\/fr\/wp-json\/wp\/v2\/types\/product"}],"wp:featuredmedia":[{"embeddable":true,"href":"https:\/\/mestraold.lleset.com\/fr\/wp-json\/wp\/v2\/media\/19375"}],"wp:attachment":[{"href":"https:\/\/mestraold.lleset.com\/fr\/wp-json\/wp\/v2\/media?parent=55800"}],"wp:term":[{"taxonomy":"product_cat","embeddable":true,"href":"https:\/\/mestraold.lleset.com\/fr\/wp-json\/wp\/v2\/product_cat?post=55800"},{"taxonomy":"product_tag","embeddable":true,"href":"https:\/\/mestraold.lleset.com\/fr\/wp-json\/wp\/v2\/product_tag?post=55800"}],"curies":[{"name":"wp","href":"https:\/\/api.w.org\/{rel}","templated":true}]}}