{"id":55799,"date":"2023-03-05T11:03:16","date_gmt":"2023-03-18T12:10:55","guid":{"rendered":"https:\/\/mestra.migracionesbgweb.com\/producto\/vibrateur-cabinet\/"},"modified":"2023-07-12T12:41:51","modified_gmt":"2023-07-12T10:41:51","slug":"vibrateur-cabinet","status":"publish","type":"product","link":"https:\/\/mestraold.lleset.com\/fr\/produit\/vibrateur-cabinet\/","title":{"rendered":"Vibrateur cabinet"},"content":{"rendered":"<p>Le corps, en aluminium anodis\u00e9 couleur blanc, est appuy\u00e9 sur des ventouses adh\u00e9rentes.<\/p>\n<p>La surface de travail est en caotchouc pos\u00e9 sur un corps m\u00e9tallique, avec un renfoncement pour placer le porte-empreinte.<\/p>\n<p>Cet appareil est \u00e9quip\u00e9 d\u2019un potentiom\u00e8tre pour le r\u00e9glage progressif des vibrations et d\u2019un t\u00e9moin lumineux de fonctionnement.<\/p>\n","protected":false},"excerpt":{"rendered":"<p>120 mm<\/p>\n","protected":false},"featured_media":19362,"template":"","meta":[],"product_cat":[202,220],"product_tag":[],"class_list":["post-55799","product","type-product","status-publish","has-post-thumbnail","hentry","product_cat-laboratoire","product_cat-preparatin-de-modeles"],"acf":[],"df_price":188.85,"df_sale_price":188.85,"df_regular_price":343.36,"df_image_link":"https:\/\/mestraold.lleset.com\/wp-content\/uploads\/2021\/12\/146-ELECTRO-VIBRADOR-REDONDO-300x225.jpg","_links":{"self":[{"href":"https:\/\/mestraold.lleset.com\/fr\/wp-json\/wp\/v2\/product\/55799","targetHints":{"allow":["GET"]}}],"collection":[{"href":"https:\/\/mestraold.lleset.com\/fr\/wp-json\/wp\/v2\/product"}],"about":[{"href":"https:\/\/mestraold.lleset.com\/fr\/wp-json\/wp\/v2\/types\/product"}],"wp:featuredmedia":[{"embeddable":true,"href":"https:\/\/mestraold.lleset.com\/fr\/wp-json\/wp\/v2\/media\/19362"}],"wp:attachment":[{"href":"https:\/\/mestraold.lleset.com\/fr\/wp-json\/wp\/v2\/media?parent=55799"}],"wp:term":[{"taxonomy":"product_cat","embeddable":true,"href":"https:\/\/mestraold.lleset.com\/fr\/wp-json\/wp\/v2\/product_cat?post=55799"},{"taxonomy":"product_tag","embeddable":true,"href":"https:\/\/mestraold.lleset.com\/fr\/wp-json\/wp\/v2\/product_tag?post=55799"}],"curies":[{"name":"wp","href":"https:\/\/api.w.org\/{rel}","templated":true}]}}