{"id":55798,"date":"2023-03-05T11:03:16","date_gmt":"2023-03-18T12:10:55","guid":{"rendered":"https:\/\/mestra.migracionesbgweb.com\/producto\/bac-de-decantation-70-litres-a-roues\/"},"modified":"2023-07-11T12:57:06","modified_gmt":"2023-07-11T10:57:06","slug":"bac-de-decantation-70-litres-a-roues","status":"publish","type":"product","link":"https:\/\/mestraold.lleset.com\/fr\/produit\/bac-de-decantation-70-litres-a-roues\/","title":{"rendered":"Bac de decantation 70 litres a roues"},"content":{"rendered":"<p>Construit en fibre de verre, de grande r\u00e9sistance et d`une capacit\u00e9 de 70 l. <\/p>\n<p>Son design permet une installation ais\u00e9e sous l`\u00e9vier. <\/p>\n<p>Il dispose \u00e9galement des roulettes qui facilitent son d\u00e9placement. <\/p>\n<p>Les op\u00e9rations de nettoyage et de vidage se voient \u00e9galement facilit\u00e9es gr\u00e2ce \u00e0 une accessibilit\u00e9 optimale de la cuve.<\/p>\n","protected":false},"excerpt":{"rendered":"<p>70 Litres<\/p>\n","protected":false},"featured_media":19341,"template":"","meta":[],"product_cat":[202],"product_tag":[],"class_list":["post-55798","product","type-product","status-publish","has-post-thumbnail","hentry","product_cat-laboratoire"],"acf":[],"df_price":1146.1,"df_sale_price":"","df_regular_price":1146.1,"df_image_link":"https:\/\/mestraold.lleset.com\/wp-content\/uploads\/2021\/12\/Decantadora-de-gran-capacidad-300x225.jpg","_links":{"self":[{"href":"https:\/\/mestraold.lleset.com\/fr\/wp-json\/wp\/v2\/product\/55798","targetHints":{"allow":["GET"]}}],"collection":[{"href":"https:\/\/mestraold.lleset.com\/fr\/wp-json\/wp\/v2\/product"}],"about":[{"href":"https:\/\/mestraold.lleset.com\/fr\/wp-json\/wp\/v2\/types\/product"}],"wp:featuredmedia":[{"embeddable":true,"href":"https:\/\/mestraold.lleset.com\/fr\/wp-json\/wp\/v2\/media\/19341"}],"wp:attachment":[{"href":"https:\/\/mestraold.lleset.com\/fr\/wp-json\/wp\/v2\/media?parent=55798"}],"wp:term":[{"taxonomy":"product_cat","embeddable":true,"href":"https:\/\/mestraold.lleset.com\/fr\/wp-json\/wp\/v2\/product_cat?post=55798"},{"taxonomy":"product_tag","embeddable":true,"href":"https:\/\/mestraold.lleset.com\/fr\/wp-json\/wp\/v2\/product_tag?post=55798"}],"curies":[{"name":"wp","href":"https:\/\/api.w.org\/{rel}","templated":true}]}}