{"id":55796,"date":"2023-03-05T11:03:16","date_gmt":"2023-03-18T12:10:55","guid":{"rendered":"https:\/\/mestra.migracionesbgweb.com\/producto\/bac-de-decantation-plastique-avec-sac-petit-modele-14-l-hauteur-345-mm\/"},"modified":"2023-12-17T15:04:50","modified_gmt":"2023-12-17T14:04:50","slug":"bac-de-decantation-plastique-avec-sac-petit-modele-14-l-hauteur-345-mm","status":"publish","type":"product","link":"https:\/\/mestraold.lleset.com\/fr\/produit\/bac-de-decantation-plastique-avec-sac-petit-modele-14-l-hauteur-345-mm\/","title":{"rendered":"Bac de decantation plastique avec sac petit modele (14 l \/ hauteur: 345 mm)"},"content":{"rendered":"<p>Fabriqu\u00e9e en polypropyl\u00e8ne r\u00e9sistant.<\/p>\n<p>Sa conception est sp\u00e9cifiquement \u00e9tudi\u00e9e pour une propret\u00e9 et un entretien faciles.<\/p>\n<p>Le d\u00e9p\u00f4t est collect\u00e9 dans un sac en plastique.<\/p>\n<p>La fermeture herm\u00e9tique du couVoir produitcle emp\u00eache la propagation des mauvaises odeurs.<\/p>\n<p>Son format a \u00e9t\u00e9 \u00e9tudi\u00e9 pour une installation ais\u00e9e sous l\u2019\u00e9vier.<\/p>\n","protected":false},"excerpt":{"rendered":"<p>14 Litres<\/p>\n","protected":false},"featured_media":19311,"template":"","meta":[],"product_cat":[202],"product_tag":[],"class_list":["post-55796","product","type-product","status-publish","has-post-thumbnail","hentry","product_cat-laboratoire"],"acf":[],"df_price":173.47,"df_sale_price":173.47,"df_regular_price":315.4,"df_image_link":"https:\/\/mestraold.lleset.com\/wp-content\/uploads\/2021\/12\/080087-Decantadora-de-plastico-con-bolsa-pequena-300x300.jpg","_links":{"self":[{"href":"https:\/\/mestraold.lleset.com\/fr\/wp-json\/wp\/v2\/product\/55796","targetHints":{"allow":["GET"]}}],"collection":[{"href":"https:\/\/mestraold.lleset.com\/fr\/wp-json\/wp\/v2\/product"}],"about":[{"href":"https:\/\/mestraold.lleset.com\/fr\/wp-json\/wp\/v2\/types\/product"}],"wp:featuredmedia":[{"embeddable":true,"href":"https:\/\/mestraold.lleset.com\/fr\/wp-json\/wp\/v2\/media\/19311"}],"wp:attachment":[{"href":"https:\/\/mestraold.lleset.com\/fr\/wp-json\/wp\/v2\/media?parent=55796"}],"wp:term":[{"taxonomy":"product_cat","embeddable":true,"href":"https:\/\/mestraold.lleset.com\/fr\/wp-json\/wp\/v2\/product_cat?post=55796"},{"taxonomy":"product_tag","embeddable":true,"href":"https:\/\/mestraold.lleset.com\/fr\/wp-json\/wp\/v2\/product_tag?post=55796"}],"curies":[{"name":"wp","href":"https:\/\/api.w.org\/{rel}","templated":true}]}}