{"id":55793,"date":"2023-03-05T11:01:34","date_gmt":"2023-03-18T12:10:24","guid":{"rendered":"https:\/\/mestra.migracionesbgweb.com\/producto\/four-de-zirconium-micro-ondes\/"},"modified":"2023-07-20T12:28:40","modified_gmt":"2023-07-20T10:28:40","slug":"four-de-zirconium-micro-ondes","status":"publish","type":"product","link":"https:\/\/mestraold.lleset.com\/fr\/produit\/four-de-zirconium-micro-ondes\/","title":{"rendered":"Four de zirconium &#8211; micro-ondes"},"content":{"rendered":"<p>Four b\u00e9n\u00e9ficiant des apports des derni\u00e8res technologies en terme de chauffe par micro-ondes.<\/p>\n<p>Les secteurs industriels comme l\u2019a\u00e9ronautique et l\u2019automobile ont d\u00e9j\u00e0 bascul\u00e9 dans la technologie de chauffe par micro-ondes.<\/p>\n<p>Il pr\u00e9sente des avantages majeurs par rapport aux fours de frittage conventionnels:<\/p>\n<ul>\n<li>Le temps de sint\u00e9risation total est d\u2019environ 4 heures.<\/li>\n<li><strong>Temps de sint\u00e9risation jusqu\u2019\u00e0 1550 \u00baC : 110 min.<\/strong><\/li>\n<li>R\u00e9frig\u00e9ration jusqu\u2019\u00e0 300 \u00baC : 130 min.<\/li>\n<\/ul>\n<p>Ces valeurs n\u2019ont rien \u00e0 voir avec celles des fours conventionnels.<\/p>\n<p><strong>POURQUOI ?<\/strong><\/p>\n<p>Contrairement aux fours conventionnels, \u2013 dans lesquels la chaleur passe de l\u2019ext\u00e9rieur de la structure \u00e0 l\u2019int\u00e9rieur -, dans le four \u00e0 micro-ondes, la chaleur est g\u00e9n\u00e9r\u00e9e \u00e0 tous les points de la structure, de sorte que la temp\u00e9rature est atteinte de mani\u00e8re plus homog\u00e8ne. La structure sint\u00e9ris\u00e9e r\u00e9sultante est plus propre, plus r\u00e9sistante et plus pr\u00e9cise puisqu\u2019il n\u2019y a pas de tirage lors de la chauffe.<\/p>\n<p>La Zircone est un grand r\u00e9sistant thermique. Dans un four traditionnel, la chauffe doit se faire petit \u00e0 petit en respectant des palliers afin que la temp\u00e9rature soit r\u00e9partie uniform\u00e9ment dans toute la proth\u00e8se. D\u2019o\u00f9 la longue dur\u00e9e des programmes de frittage.<\/p>\n<p>Excellentes \u00e9conomies de maintenance gr\u00e2ce \u00e0 une puissance r\u00e9duite, moins de composants et une taille plus petite.<\/p>\n<p>Pas de r\u00e9sistances fragiles et co\u00fbteuses en silicate de molybd\u00e8ne qui peuvent contaminer la zircone.<\/p>\n<p>Tr\u00e8s faible consommation : environ 800\/1100 W pendant pratiquement tout le cycle.<\/p>\n<p>Possibilit\u00e9 de r\u00e9aliser plusieurs cycles de production le m\u00eame jour. La capacit\u00e9 de production augmente consid\u00e9rablement et l\u2019on n\u2019h\u00e9sitera pas \u00e0 envoyer un programme pour quelques \u00e9l\u00e9ments urgents.<\/p>\n<p>Extr\u00eamement facile \u00e0 utiliser : appuyez sur un bouton et vous avez termin\u00e9.<\/p>\n<p>Beaucoup plus petit que les fours conventionnels : il trouve sa place dans n\u2019importe quel coin du laboratoire.<\/p>\n<p>Il ne d\u00e9gage pratiquement pas de chaleur, ce qui est appr\u00e9ci\u00e9 pendant l\u2019\u00e9t\u00e9 dans des pi\u00e8ces ferm\u00e9es.<\/p>\n","protected":false},"excerpt":{"rendered":"<p>Four b\u00e9n\u00e9ficiant des apports des derni\u00e8res technologies en terme de chauffe par micro-ondes. Les secteurs industriels comme l\u2019a\u00e9ronautique et l\u2019automobile ont d\u00e9j\u00e0 bascul\u00e9 dans la technologie de chauffe par micro-ondes. Il pr\u00e9sente des avantages majeurs par rapport aux fours de frittage conventionnels: Le temps de sint\u00e9risation total est d\u2019environ 4 heures. Temps de sint\u00e9risation jusqu\u2019\u00e0 [&hellip;]<\/p>\n","protected":false},"featured_media":19260,"template":"","meta":[],"product_cat":[199,202],"product_tag":[],"class_list":["post-55793","product","type-product","status-publish","has-post-thumbnail","hentry","product_cat-digitale-fr","product_cat-laboratoire"],"acf":[],"df_price":9738.75,"df_sale_price":"","df_regular_price":9738.75,"df_image_link":"https:\/\/mestraold.lleset.com\/wp-content\/uploads\/2021\/12\/080114-Horno-para-circonio-microondas-300x300.jpg","_links":{"self":[{"href":"https:\/\/mestraold.lleset.com\/fr\/wp-json\/wp\/v2\/product\/55793","targetHints":{"allow":["GET"]}}],"collection":[{"href":"https:\/\/mestraold.lleset.com\/fr\/wp-json\/wp\/v2\/product"}],"about":[{"href":"https:\/\/mestraold.lleset.com\/fr\/wp-json\/wp\/v2\/types\/product"}],"wp:featuredmedia":[{"embeddable":true,"href":"https:\/\/mestraold.lleset.com\/fr\/wp-json\/wp\/v2\/media\/19260"}],"wp:attachment":[{"href":"https:\/\/mestraold.lleset.com\/fr\/wp-json\/wp\/v2\/media?parent=55793"}],"wp:term":[{"taxonomy":"product_cat","embeddable":true,"href":"https:\/\/mestraold.lleset.com\/fr\/wp-json\/wp\/v2\/product_cat?post=55793"},{"taxonomy":"product_tag","embeddable":true,"href":"https:\/\/mestraold.lleset.com\/fr\/wp-json\/wp\/v2\/product_tag?post=55793"}],"curies":[{"name":"wp","href":"https:\/\/api.w.org\/{rel}","templated":true}]}}