{"id":55792,"date":"2023-03-05T11:01:34","date_gmt":"2023-03-18T12:10:24","guid":{"rendered":"https:\/\/mestra.migracionesbgweb.com\/producto\/fours-pour-la-ceramique\/"},"modified":"2023-06-26T16:43:18","modified_gmt":"2023-06-26T14:43:18","slug":"fours-pour-la-ceramique","status":"publish","type":"product","link":"https:\/\/mestraold.lleset.com\/fr\/produit\/fours-pour-la-ceramique\/","title":{"rendered":"Fours pour la c\u00e9ramique"},"content":{"rendered":"<p>Totalmente autom\u00e1tico, compatible con los diferentes tipos de porcelana presentes en el mercado. Incluye una bomba de alto vac\u00edo.<br \/>\nEnti\u00e8rement automatique, compatible avec les diff\u00e9rentes c\u00e9ramiques pr\u00e9sentes sur le march\u00e9. Pompe \u00e0 vide incluse.  <\/p>\n<p>Est \u00e9quip\u00e9 d\u2019un display confortable comportant une importante information sur le d\u00e9veloppement du process ce qui facilite la programmation des param\u00e8tres.  <\/p>\n<p>Permet de m\u00e9moriser des multiples programmes, en changeant les param\u00e8tres comme: la temp\u00e9rature et le temps de d\u00e9shydratation, la vitesse de chauffe, la temp\u00e9rature de chauffe, le temps de maintien, le refroidissement, les temps et le niveau de vide etc. Tous ces param\u00e8tres permettent d\u2019ex\u00e9cuter de mani\u00e8re optimale les programmes requis par les fabricants des diff\u00e9rentes c\u00e9ramiques. Pour am\u00e9liorer la pr\u00e9cision il est possible de calibrer la temp\u00e9rature.  <\/p>\n<p>Le four dispose de diff\u00e9rentes alarmes signalant un probl\u00e8me technique (rupture de la sonde, r\u00e9sistance, anomalie dans le syst\u00e8me du vide, etc.)<\/p>\n","protected":false},"excerpt":{"rendered":"<p>Totalmente autom\u00e1tico, compatible con los diferentes tipos de porcelana presentes en el mercado. Incluye una bomba de alto vac\u00edo. Enti\u00e8rement automatique, compatible avec les diff\u00e9rentes c\u00e9ramiques pr\u00e9sentes sur le march\u00e9. Pompe \u00e0 vide incluse. Est \u00e9quip\u00e9 d\u2019un display confortable comportant une importante information sur le d\u00e9veloppement du process ce qui facilite la programmation des param\u00e8tres. [&hellip;]<\/p>\n","protected":false},"featured_media":19255,"template":"","meta":[],"product_cat":[],"product_tag":[],"class_list":["post-55792","product","type-product","status-publish","has-post-thumbnail","hentry"],"acf":[],"df_price":5427.56,"df_sale_price":"","df_regular_price":5427.56,"df_image_link":"https:\/\/mestraold.lleset.com\/wp-content\/uploads\/2021\/12\/Horno-de-ceramica-automatico-300x300.jpg","_links":{"self":[{"href":"https:\/\/mestraold.lleset.com\/fr\/wp-json\/wp\/v2\/product\/55792","targetHints":{"allow":["GET"]}}],"collection":[{"href":"https:\/\/mestraold.lleset.com\/fr\/wp-json\/wp\/v2\/product"}],"about":[{"href":"https:\/\/mestraold.lleset.com\/fr\/wp-json\/wp\/v2\/types\/product"}],"wp:featuredmedia":[{"embeddable":true,"href":"https:\/\/mestraold.lleset.com\/fr\/wp-json\/wp\/v2\/media\/19255"}],"wp:attachment":[{"href":"https:\/\/mestraold.lleset.com\/fr\/wp-json\/wp\/v2\/media?parent=55792"}],"wp:term":[{"taxonomy":"product_cat","embeddable":true,"href":"https:\/\/mestraold.lleset.com\/fr\/wp-json\/wp\/v2\/product_cat?post=55792"},{"taxonomy":"product_tag","embeddable":true,"href":"https:\/\/mestraold.lleset.com\/fr\/wp-json\/wp\/v2\/product_tag?post=55792"}],"curies":[{"name":"wp","href":"https:\/\/api.w.org\/{rel}","templated":true}]}}