{"id":55791,"date":"2023-03-05T11:01:34","date_gmt":"2023-03-18T12:10:24","guid":{"rendered":"https:\/\/mestra.migracionesbgweb.com\/producto\/thermoformeuse-pression\/"},"modified":"2023-07-19T16:42:09","modified_gmt":"2023-07-19T14:42:09","slug":"thermoformeuse-pression","status":"publish","type":"product","link":"https:\/\/mestraold.lleset.com\/fr\/produit\/thermoformeuse-pression\/","title":{"rendered":"Thermoformeuse &#8211; pression"},"content":{"rendered":"<p>Une forte pressurisation permet une empreinte pr\u00e9cise, ind\u00e9pendamment de la d\u00e9coupe du mod\u00e8le et des \u00e9paisseurs ( 0,5 \u00e0 4 mm ) on peut utiliser des plaques carr\u00e9es ou rondes (127, 125, 120 mm).<\/p>\n","protected":false},"excerpt":{"rendered":"<p>Une forte pressurisation permet une empreinte pr\u00e9cise, ind\u00e9pendamment de la d\u00e9coupe du mod\u00e8le et des \u00e9paisseurs ( 0,5 \u00e0 4 mm ) on peut utiliser des plaques carr\u00e9es ou rondes (127, 125, 120 mm).<\/p>\n","protected":false},"featured_media":19246,"template":"","meta":[],"product_cat":[202,253],"product_tag":[],"class_list":["post-55791","product","type-product","status-publish","has-post-thumbnail","hentry","product_cat-laboratoire","product_cat-thermoformage"],"acf":[],"df_price":1649.75,"df_sale_price":1649.75,"df_regular_price":2999.54,"df_image_link":"https:\/\/mestraold.lleset.com\/wp-content\/uploads\/2021\/12\/Maquina-de-termoconformado-presion-300x300.jpg","_links":{"self":[{"href":"https:\/\/mestraold.lleset.com\/fr\/wp-json\/wp\/v2\/product\/55791","targetHints":{"allow":["GET"]}}],"collection":[{"href":"https:\/\/mestraold.lleset.com\/fr\/wp-json\/wp\/v2\/product"}],"about":[{"href":"https:\/\/mestraold.lleset.com\/fr\/wp-json\/wp\/v2\/types\/product"}],"wp:featuredmedia":[{"embeddable":true,"href":"https:\/\/mestraold.lleset.com\/fr\/wp-json\/wp\/v2\/media\/19246"}],"wp:attachment":[{"href":"https:\/\/mestraold.lleset.com\/fr\/wp-json\/wp\/v2\/media?parent=55791"}],"wp:term":[{"taxonomy":"product_cat","embeddable":true,"href":"https:\/\/mestraold.lleset.com\/fr\/wp-json\/wp\/v2\/product_cat?post=55791"},{"taxonomy":"product_tag","embeddable":true,"href":"https:\/\/mestraold.lleset.com\/fr\/wp-json\/wp\/v2\/product_tag?post=55791"}],"curies":[{"name":"wp","href":"https:\/\/api.w.org\/{rel}","templated":true}]}}