{"id":55790,"date":"2023-03-05T11:01:34","date_gmt":"2023-03-18T12:10:24","guid":{"rendered":"https:\/\/mestra.migracionesbgweb.com\/producto\/thermoformeuse-a-aspiration-sous-vide\/"},"modified":"2023-07-19T16:38:24","modified_gmt":"2023-07-19T14:38:24","slug":"thermoformeuse-a-aspiration-sous-vide","status":"publish","type":"product","link":"https:\/\/mestraold.lleset.com\/fr\/produit\/thermoformeuse-a-aspiration-sous-vide\/","title":{"rendered":"Thermoformeuse a aspiration sous vide"},"content":{"rendered":"<p>Simple, pratique et d\u2019un design attrayant.<\/p>\n<p>Elle est pourvue d\u2019un puissant moteur d\u2019aspiration \u00e0 connexion automatique lorsqu\u2019on abaisse le porte plaques.<\/p>\n<p>La r\u00e9sistance est de carbone, ce qui permet un r\u00e9chauffement progressif et uniforme du mat\u00e9riau \u00e0 thermoformer.<\/p>\n<p>Elle accepte tant les plaques carr\u00e9es (format standard de 127 mm de c\u00f4t\u00e9).<\/p>\n","protected":false},"excerpt":{"rendered":"<p>Simple, pratique et d\u2019un design attrayant. Elle est pourvue d\u2019un puissant moteur d\u2019aspiration \u00e0 connexion automatique lorsqu\u2019on abaisse le porte plaques. La r\u00e9sistance est de carbone, ce qui permet un r\u00e9chauffement progressif et uniforme du mat\u00e9riau \u00e0 thermoformer. Elle accepte tant les plaques carr\u00e9es (format standard de 127 mm de c\u00f4t\u00e9).<\/p>\n","protected":false},"featured_media":57604,"template":"","meta":[],"product_cat":[202,253],"product_tag":[],"class_list":["post-55790","product","type-product","status-publish","has-post-thumbnail","hentry","product_cat-laboratoire","product_cat-thermoformage"],"acf":[],"df_price":443.32,"df_sale_price":443.32,"df_regular_price":806.04,"df_image_link":"https:\/\/mestraold.lleset.com\/wp-content\/uploads\/2023\/03\/080542-284x300.jpg","_links":{"self":[{"href":"https:\/\/mestraold.lleset.com\/fr\/wp-json\/wp\/v2\/product\/55790","targetHints":{"allow":["GET"]}}],"collection":[{"href":"https:\/\/mestraold.lleset.com\/fr\/wp-json\/wp\/v2\/product"}],"about":[{"href":"https:\/\/mestraold.lleset.com\/fr\/wp-json\/wp\/v2\/types\/product"}],"wp:featuredmedia":[{"embeddable":true,"href":"https:\/\/mestraold.lleset.com\/fr\/wp-json\/wp\/v2\/media\/57604"}],"wp:attachment":[{"href":"https:\/\/mestraold.lleset.com\/fr\/wp-json\/wp\/v2\/media?parent=55790"}],"wp:term":[{"taxonomy":"product_cat","embeddable":true,"href":"https:\/\/mestraold.lleset.com\/fr\/wp-json\/wp\/v2\/product_cat?post=55790"},{"taxonomy":"product_tag","embeddable":true,"href":"https:\/\/mestraold.lleset.com\/fr\/wp-json\/wp\/v2\/product_tag?post=55790"}],"curies":[{"name":"wp","href":"https:\/\/api.w.org\/{rel}","templated":true}]}}