{"id":55788,"date":"2023-03-05T11:01:34","date_gmt":"2023-03-18T12:10:24","guid":{"rendered":"https:\/\/mestra.migracionesbgweb.com\/producto\/unite-daspiration-gemini-mini-imprope-a-micromoteurs\/"},"modified":"2023-09-04T12:25:21","modified_gmt":"2023-09-04T10:25:21","slug":"unite-daspiration-gemini-mini-imprope-a-micromoteurs","status":"publish","type":"product","link":"https:\/\/mestraold.lleset.com\/fr\/produit\/unite-daspiration-gemini-mini-imprope-a-micromoteurs\/","title":{"rendered":"Unite d&rsquo;aspiration \u00ab\u00a0gemini mini\u00a0\u00bb (imprope a micromoteurs)"},"content":{"rendered":"<p>Pour une utilisation dans des espaces r\u00e9duits.<\/p>\n<p>Dispositif non adapt\u00e9 pour la d\u00e9tection des micromoteurs<\/p>\n","protected":false},"excerpt":{"rendered":"<p>Pour une utilisation dans des espaces r\u00e9duits. Dispositif non adapt\u00e9 pour la d\u00e9tection des micromoteurs<\/p>\n","protected":false},"featured_media":19183,"template":"","meta":[],"product_cat":[208,202],"product_tag":[],"class_list":["post-55788","product","type-product","status-publish","has-post-thumbnail","hentry","product_cat-aspiration-fr","product_cat-laboratoire"],"acf":[],"df_price":266.29,"df_sale_price":266.29,"df_regular_price":484.16,"df_image_link":"https:\/\/mestraold.lleset.com\/wp-content\/uploads\/2021\/12\/1242-UNIDAD-DE-ASPIRACION-GEMINI-mini-300x300.jpg","_links":{"self":[{"href":"https:\/\/mestraold.lleset.com\/fr\/wp-json\/wp\/v2\/product\/55788","targetHints":{"allow":["GET"]}}],"collection":[{"href":"https:\/\/mestraold.lleset.com\/fr\/wp-json\/wp\/v2\/product"}],"about":[{"href":"https:\/\/mestraold.lleset.com\/fr\/wp-json\/wp\/v2\/types\/product"}],"wp:featuredmedia":[{"embeddable":true,"href":"https:\/\/mestraold.lleset.com\/fr\/wp-json\/wp\/v2\/media\/19183"}],"wp:attachment":[{"href":"https:\/\/mestraold.lleset.com\/fr\/wp-json\/wp\/v2\/media?parent=55788"}],"wp:term":[{"taxonomy":"product_cat","embeddable":true,"href":"https:\/\/mestraold.lleset.com\/fr\/wp-json\/wp\/v2\/product_cat?post=55788"},{"taxonomy":"product_tag","embeddable":true,"href":"https:\/\/mestraold.lleset.com\/fr\/wp-json\/wp\/v2\/product_tag?post=55788"}],"curies":[{"name":"wp","href":"https:\/\/api.w.org\/{rel}","templated":true}]}}