{"id":55787,"date":"2023-03-05T11:01:34","date_gmt":"2023-03-18T12:10:24","guid":{"rendered":"https:\/\/mestra.migracionesbgweb.com\/producto\/unite-daspiration-eolo-plus\/"},"modified":"2023-09-04T12:01:38","modified_gmt":"2023-09-04T10:01:38","slug":"unite-daspiration-eolo-induction","status":"publish","type":"product","link":"https:\/\/mestraold.lleset.com\/fr\/produit\/unite-daspiration-eolo-induction\/","title":{"rendered":"Unite d&rsquo;aspiration &#8211; Eolo Induction"},"content":{"rendered":"<p>Son nouveau moteur \u00e0 induction \u00abbrushless\u00bb prolonge sa dur\u00e9e de vie entre 5 et 10 fois par rapport aux mod\u00e8les \u00e0 charbons, et dispose d&rsquo;un syst\u00e8me innovant de double filtre optimis\u00e9 pour le travail dans le laboratoire dentaire (y compris les abrasifs tels que l&rsquo;oxyde d&rsquo;aluminium). Il peut \u00eatre mont\u00e9 avec un filtre HEPA.<\/p>\n<p>Il s&rsquo;adapte facilement au mobilier de laboratoire, occupant un minimum d&rsquo;espace. De plus, sa conception et son ergonomie facilite son utilisation et sa mobilit\u00e9. La commande \u00e9lectronique avec affichage LCD est \u00e9quip\u00e9e de protections contre les surcharges ou les obstructions dans la bouche d&rsquo;aspiration et avec t\u00e9moin lumineux du niveau de remplissage du filtre et la d\u00e9tection des micromoteurs.<\/p>\n<p>Permet un fonctionnement manuel ou automatique pouvant \u00eatre synchronis\u00e9 avec jusqu&rsquo;\u00e0 3 appareils diff\u00e9rents (sableuse, micromoteurs, etc.). La d\u00e9tection et le r\u00e9glage des micromoteurs sont effectu\u00e9s par la commande \u00e9lectronique, qui permet de d\u00e9tecter n&rsquo;importe quel micromoteur, y compris ceux de type\u00abbrushless\u00bb (sans charbons).<\/p>\n","protected":false},"excerpt":{"rendered":"<p>Aspirateur de laboratoire avec moteur \u00e0 induction<\/p>\n","protected":false},"featured_media":57958,"template":"","meta":[],"product_cat":[208,266,202,267],"product_tag":[],"class_list":["post-55787","product","type-product","status-publish","has-post-thumbnail","hentry","product_cat-aspiration-fr","product_cat-developpements","product_cat-laboratoire","product_cat-offres"],"acf":[],"df_price":874.5,"df_sale_price":874.5,"df_regular_price":1590,"df_image_link":"https:\/\/mestraold.lleset.com\/wp-content\/uploads\/2023\/03\/080533-300x300.jpg","_links":{"self":[{"href":"https:\/\/mestraold.lleset.com\/fr\/wp-json\/wp\/v2\/product\/55787","targetHints":{"allow":["GET"]}}],"collection":[{"href":"https:\/\/mestraold.lleset.com\/fr\/wp-json\/wp\/v2\/product"}],"about":[{"href":"https:\/\/mestraold.lleset.com\/fr\/wp-json\/wp\/v2\/types\/product"}],"wp:featuredmedia":[{"embeddable":true,"href":"https:\/\/mestraold.lleset.com\/fr\/wp-json\/wp\/v2\/media\/57958"}],"wp:attachment":[{"href":"https:\/\/mestraold.lleset.com\/fr\/wp-json\/wp\/v2\/media?parent=55787"}],"wp:term":[{"taxonomy":"product_cat","embeddable":true,"href":"https:\/\/mestraold.lleset.com\/fr\/wp-json\/wp\/v2\/product_cat?post=55787"},{"taxonomy":"product_tag","embeddable":true,"href":"https:\/\/mestraold.lleset.com\/fr\/wp-json\/wp\/v2\/product_tag?post=55787"}],"curies":[{"name":"wp","href":"https:\/\/api.w.org\/{rel}","templated":true}]}}