{"id":55786,"date":"2023-03-18T13:10:24","date_gmt":"2023-03-18T12:10:24","guid":{"rendered":"https:\/\/mestra.migracionesbgweb.com\/producto\/compresor-boxer-3-50-dry\/"},"modified":"2023-05-08T13:45:26","modified_gmt":"2023-05-08T11:45:26","slug":"compresor-boxer-3-50-dry","status":"publish","type":"product","link":"https:\/\/mestraold.lleset.com\/fr\/produit\/compresor-boxer-3-50-dry\/","title":{"rendered":"Compresor Boxer 3\/50 dry"},"content":{"rendered":"<p>Les compresseurs MESTRA de type \u00abBOXER\u00bb int\u00e8grent une nouvelle technologie brevet\u00e9e qui les rend beaucoup plus fiables et silencieux : il s&rsquo;agit de pistons dispos\u00e9s en configuration \u00abboxer\u00bb (oppos\u00e9s \u00e0 180 degr\u00e9s), solidement reli\u00e9s par une bielle rigide et avec un couplage bielle-manivelle par l&rsquo;interm\u00e9diaire d&rsquo;une excentrique.<\/p>\n","protected":false},"excerpt":{"rendered":"<p>Les compresseurs MESTRA de type \u00abBOXER\u00bb int\u00e8grent une nouvelle technologie brevet\u00e9e qui les rend beaucoup plus fiables et silencieux : il s&rsquo;agit de pistons dispos\u00e9s en configuration \u00abboxer\u00bb (oppos\u00e9s \u00e0 180 degr\u00e9s), solidement reli\u00e9s par une bielle rigide et avec un couplage bielle-manivelle par l&rsquo;interm\u00e9diaire d&rsquo;une excentrique.<\/p>\n","protected":false},"featured_media":19156,"template":"","meta":[],"product_cat":[181,214,202,190],"product_tag":[],"class_list":["post-55786","product","type-product","status-publish","has-post-thumbnail","hentry","product_cat-cabinet","product_cat-compresseurs","product_cat-laboratoire","product_cat-machines-cabinet"],"acf":[],"df_price":2206.62,"df_sale_price":"","df_regular_price":2206.62,"df_image_link":"https:\/\/mestraold.lleset.com\/wp-content\/uploads\/2021\/12\/892-COMPRESOR-BOXER-350-dry-300x300.jpg","_links":{"self":[{"href":"https:\/\/mestraold.lleset.com\/fr\/wp-json\/wp\/v2\/product\/55786","targetHints":{"allow":["GET"]}}],"collection":[{"href":"https:\/\/mestraold.lleset.com\/fr\/wp-json\/wp\/v2\/product"}],"about":[{"href":"https:\/\/mestraold.lleset.com\/fr\/wp-json\/wp\/v2\/types\/product"}],"wp:featuredmedia":[{"embeddable":true,"href":"https:\/\/mestraold.lleset.com\/fr\/wp-json\/wp\/v2\/media\/19156"}],"wp:attachment":[{"href":"https:\/\/mestraold.lleset.com\/fr\/wp-json\/wp\/v2\/media?parent=55786"}],"wp:term":[{"taxonomy":"product_cat","embeddable":true,"href":"https:\/\/mestraold.lleset.com\/fr\/wp-json\/wp\/v2\/product_cat?post=55786"},{"taxonomy":"product_tag","embeddable":true,"href":"https:\/\/mestraold.lleset.com\/fr\/wp-json\/wp\/v2\/product_tag?post=55786"}],"curies":[{"name":"wp","href":"https:\/\/api.w.org\/{rel}","templated":true}]}}