{"id":55779,"date":"2023-03-05T10:59:53","date_gmt":"2023-03-18T12:09:52","guid":{"rendered":"https:\/\/mestra.migracionesbgweb.com\/producto\/compresseur-160-l-min\/"},"modified":"2023-09-04T15:50:41","modified_gmt":"2023-09-04T13:50:41","slug":"compresseur-160-l-min","status":"publish","type":"product","link":"https:\/\/mestraold.lleset.com\/fr\/produit\/compresseur-160-l-min\/","title":{"rendered":"Compresseur 160 l\/min"},"content":{"rendered":"<p><strong>Durables &#8211; Silencieux &#8211; Sans entretien<\/strong><\/p>\n<p>Famille de compresseurs compos\u00e9e de mod\u00e8les de 80 y 160 litres\/minute.<\/p>\n<p>Caract\u00e9ris\u00e9s par leur fonctionnement tr\u00e8s silencieux (niveau sonore inf\u00e9rieur \u00e0 60 dB), par son entretien r\u00e9duit (piston sec), et parc son excellente fiabilit\u00e9.<\/p>\n<p>La pression peut aller jusqu\u2019\u00e0 8 bars.<\/p>\n<p>On peut coupler un dessiccateur \u00e0 purge automatique.<\/p>\n","protected":false},"excerpt":{"rendered":"<p>Durables &#8211; Silencieux &#8211; Sans entretien Famille de compresseurs compos\u00e9e de mod\u00e8les de 80 y 160 litres\/minute. Caract\u00e9ris\u00e9s par leur fonctionnement tr\u00e8s silencieux (niveau sonore inf\u00e9rieur \u00e0 60 dB), par son entretien r\u00e9duit (piston sec), et parc son excellente fiabilit\u00e9. La pression peut aller jusqu\u2019\u00e0 8 bars. On peut coupler un dessiccateur \u00e0 purge automatique.<\/p>\n","protected":false},"featured_media":19108,"template":"","meta":[],"product_cat":[214,202],"product_tag":[],"class_list":["post-55779","product","type-product","status-publish","has-post-thumbnail","hentry","product_cat-compresseurs","product_cat-laboratoire"],"acf":[],"df_price":788.74,"df_sale_price":788.74,"df_regular_price":1434.07,"df_image_link":"https:\/\/mestraold.lleset.com\/wp-content\/uploads\/2021\/12\/120-COMPRESORES-A-PISTON-SECO-80-lm-300x300.jpg","_links":{"self":[{"href":"https:\/\/mestraold.lleset.com\/fr\/wp-json\/wp\/v2\/product\/55779","targetHints":{"allow":["GET"]}}],"collection":[{"href":"https:\/\/mestraold.lleset.com\/fr\/wp-json\/wp\/v2\/product"}],"about":[{"href":"https:\/\/mestraold.lleset.com\/fr\/wp-json\/wp\/v2\/types\/product"}],"wp:featuredmedia":[{"embeddable":true,"href":"https:\/\/mestraold.lleset.com\/fr\/wp-json\/wp\/v2\/media\/19108"}],"wp:attachment":[{"href":"https:\/\/mestraold.lleset.com\/fr\/wp-json\/wp\/v2\/media?parent=55779"}],"wp:term":[{"taxonomy":"product_cat","embeddable":true,"href":"https:\/\/mestraold.lleset.com\/fr\/wp-json\/wp\/v2\/product_cat?post=55779"},{"taxonomy":"product_tag","embeddable":true,"href":"https:\/\/mestraold.lleset.com\/fr\/wp-json\/wp\/v2\/product_tag?post=55779"}],"curies":[{"name":"wp","href":"https:\/\/api.w.org\/{rel}","templated":true}]}}