{"id":55774,"date":"2023-03-05T10:58:08","date_gmt":"2023-03-18T12:09:20","guid":{"rendered":"https:\/\/mestra.migracionesbgweb.com\/producto\/rechauffeur-pour-plaques-de-mordus\/"},"modified":"2023-07-03T20:27:57","modified_gmt":"2023-07-03T18:27:57","slug":"rechauffeur-pour-plaques-de-mordus","status":"publish","type":"product","link":"https:\/\/mestraold.lleset.com\/fr\/produit\/rechauffeur-pour-plaques-de-mordus\/","title":{"rendered":"Rechauffeur pour plaques de mordus"},"content":{"rendered":"<p>Appareil tr\u00e8s pratique pour les applications qui n\u00e9cessitent un maintien pr\u00e9cis de temp\u00e9rature (polym\u00e9risation de petits \u00e9l\u00e9ments, plaques de cire pour mordus, etc.).  <\/p>\n<p>Il dispose d\u2019une cuve de 1 litre en acier inoxydable facile d\u2019entretien.  <\/p>\n<p>La carcasse est r\u00e9alis\u00e9e en mati\u00e8re plastique ABS tr\u00e8s r\u00e9sistante \u00e0 l\u2019abrasion et aux chocs.<\/p>\n<p>Le contr\u00f4le de temp\u00e9rature du bain est r\u00e9alis\u00e9 par un thermostat \u00e9lectronique qui allie facilit\u00e9 d\u2019emploi et grande pr\u00e9cision dans le maintien en temp\u00e9rature programm\u00e9e.  La temp\u00e9rature peut se programmer de 30 \u00e0 75 \u00baC<\/p>\n<p>Une r\u00e9sistance puissante permet d\u2019atteindre la temp\u00e9rature requise en peu de temps.<\/p>\n","protected":false},"excerpt":{"rendered":"<p>Appareil tr\u00e8s pratique pour les applications qui n\u00e9cessitent un maintien pr\u00e9cis de temp\u00e9rature (polym\u00e9risation de petits \u00e9l\u00e9ments, plaques de cire pour mordus, etc.). Il dispose d\u2019une cuve de 1 litre en acier inoxydable facile d\u2019entretien. La carcasse est r\u00e9alis\u00e9e en mati\u00e8re plastique ABS tr\u00e8s r\u00e9sistante \u00e0 l\u2019abrasion et aux chocs. Le contr\u00f4le de temp\u00e9rature du [&hellip;]<\/p>\n","protected":false},"featured_media":19048,"template":"","meta":[],"product_cat":[181,190],"product_tag":[],"class_list":["post-55774","product","type-product","status-publish","has-post-thumbnail","hentry","product_cat-cabinet","product_cat-machines-cabinet"],"acf":[],"df_price":273.98,"df_sale_price":273.98,"df_regular_price":498.14,"df_image_link":"https:\/\/mestraold.lleset.com\/wp-content\/uploads\/2021\/12\/581-CALENTADOR-DE-PLACAS-DE-CERA-300x276.jpg","_links":{"self":[{"href":"https:\/\/mestraold.lleset.com\/fr\/wp-json\/wp\/v2\/product\/55774","targetHints":{"allow":["GET"]}}],"collection":[{"href":"https:\/\/mestraold.lleset.com\/fr\/wp-json\/wp\/v2\/product"}],"about":[{"href":"https:\/\/mestraold.lleset.com\/fr\/wp-json\/wp\/v2\/types\/product"}],"wp:featuredmedia":[{"embeddable":true,"href":"https:\/\/mestraold.lleset.com\/fr\/wp-json\/wp\/v2\/media\/19048"}],"wp:attachment":[{"href":"https:\/\/mestraold.lleset.com\/fr\/wp-json\/wp\/v2\/media?parent=55774"}],"wp:term":[{"taxonomy":"product_cat","embeddable":true,"href":"https:\/\/mestraold.lleset.com\/fr\/wp-json\/wp\/v2\/product_cat?post=55774"},{"taxonomy":"product_tag","embeddable":true,"href":"https:\/\/mestraold.lleset.com\/fr\/wp-json\/wp\/v2\/product_tag?post=55774"}],"curies":[{"name":"wp","href":"https:\/\/api.w.org\/{rel}","templated":true}]}}