{"id":55770,"date":"2023-03-05T10:58:08","date_gmt":"2023-03-18T12:09:20","guid":{"rendered":"https:\/\/mestra.migracionesbgweb.com\/producto\/lampe-led-avec-brass-articule\/"},"modified":"2023-07-03T20:50:16","modified_gmt":"2023-07-03T18:50:16","slug":"lampe-led-avec-brass-articule","status":"publish","type":"product","link":"https:\/\/mestraold.lleset.com\/fr\/produit\/lampe-led-avec-brass-articule\/","title":{"rendered":"Lampe LED avec brass articule"},"content":{"rendered":"<p>Cette lampe est devenue une r\u00e9f\u00e9rence dans les laboratoires. <\/p>\n<p>Temp\u00e9rature de travail id\u00e9ale. <\/p>\n<p>Intensit\u00e9 d\u2019\u00e9clairage r\u00e9glable. <\/p>\n<p>Excellent rapport qualit\u00e9\/prix.<\/p>\n<p>Avec adaptateur et pince de fixation \u00e0 l\u2019\u00e9tabli.<\/p>\n","protected":false},"excerpt":{"rendered":"<p>Cette lampe est devenue une r\u00e9f\u00e9rence dans les laboratoires. Temp\u00e9rature de travail id\u00e9ale. Intensit\u00e9 d\u2019\u00e9clairage r\u00e9glable. Excellent rapport qualit\u00e9\/prix. Avec adaptateur et pince de fixation \u00e0 l\u2019\u00e9tabli.<\/p>\n","protected":false},"featured_media":18982,"template":"","meta":[],"product_cat":[229,202,235],"product_tag":[],"class_list":["post-55770","product","type-product","status-publish","has-post-thumbnail","hentry","product_cat-eclairage","product_cat-laboratoire","product_cat-mobilier-laboratoire"],"acf":[],"df_price":65,"df_sale_price":65,"df_regular_price":158.99,"df_image_link":"https:\/\/mestraold.lleset.com\/wp-content\/uploads\/2021\/12\/100288-1-1-Lampara-LED-con-brazo-articulado-300x300.jpg","_links":{"self":[{"href":"https:\/\/mestraold.lleset.com\/fr\/wp-json\/wp\/v2\/product\/55770","targetHints":{"allow":["GET"]}}],"collection":[{"href":"https:\/\/mestraold.lleset.com\/fr\/wp-json\/wp\/v2\/product"}],"about":[{"href":"https:\/\/mestraold.lleset.com\/fr\/wp-json\/wp\/v2\/types\/product"}],"wp:featuredmedia":[{"embeddable":true,"href":"https:\/\/mestraold.lleset.com\/fr\/wp-json\/wp\/v2\/media\/18982"}],"wp:attachment":[{"href":"https:\/\/mestraold.lleset.com\/fr\/wp-json\/wp\/v2\/media?parent=55770"}],"wp:term":[{"taxonomy":"product_cat","embeddable":true,"href":"https:\/\/mestraold.lleset.com\/fr\/wp-json\/wp\/v2\/product_cat?post=55770"},{"taxonomy":"product_tag","embeddable":true,"href":"https:\/\/mestraold.lleset.com\/fr\/wp-json\/wp\/v2\/product_tag?post=55770"}],"curies":[{"name":"wp","href":"https:\/\/api.w.org\/{rel}","templated":true}]}}