{"id":55768,"date":"2023-03-05T10:58:08","date_gmt":"2023-03-18T12:09:20","guid":{"rendered":"https:\/\/mestra.migracionesbgweb.com\/producto\/sableuse-eclipse-ii\/"},"modified":"2023-07-20T11:37:28","modified_gmt":"2023-07-20T09:37:28","slug":"sableuse-eclipse-ii","status":"publish","type":"product","link":"https:\/\/mestraold.lleset.com\/fr\/produit\/sableuse-eclipse-ii\/","title":{"rendered":"Sableuse &#8211; eclipse ii"},"content":{"rendered":"<p>Voir produitsion inspir\u00e9e par notre famille de sableuses Constellation.<\/p>\n<p>Les diff\u00e9rences principales sont les suivantes:<\/p>\n<ul>\n<li>Cabine fabriqu\u00e9e int\u00e9gralement en ABS, permettant par la mod\u00e9lisation d\u2019obtenir une forme plus ergonomique et esth\u00e9tiquement plus aboutie.<\/li>\n<li>Dimensions totales plus r\u00e9duites sans pour autant r\u00e9duire la zone de sablage.<\/li>\n<li>Am\u00e9lioration substantielle de l\u2019\u00e9clairage..<\/li>\n<li>Rapport qualit\u00e9\/prix tr\u00e8s performant.<\/li>\n<\/ul>\n","protected":false},"excerpt":{"rendered":"<p>Voir produitsion inspir\u00e9e par notre famille de sableuses Constellation. Les diff\u00e9rences principales sont les suivantes: Cabine fabriqu\u00e9e int\u00e9gralement en ABS, permettant par la mod\u00e9lisation d\u2019obtenir une forme plus ergonomique et esth\u00e9tiquement plus aboutie. Dimensions totales plus r\u00e9duites sans pour autant r\u00e9duire la zone de sablage. Am\u00e9lioration substantielle de l\u2019\u00e9clairage.. Rapport qualit\u00e9\/prix tr\u00e8s performant.<\/p>\n","protected":false},"featured_media":18956,"template":"","meta":[],"product_cat":[202],"product_tag":[],"class_list":["post-55768","product","type-product","status-publish","has-post-thumbnail","hentry","product_cat-laboratoire"],"acf":[],"df_price":572.36,"df_sale_price":572.36,"df_regular_price":1040.66,"df_image_link":"https:\/\/mestraold.lleset.com\/wp-content\/uploads\/2021\/12\/080220-2-Chorro-de-arena-eclipse-II-300x300.jpg","_links":{"self":[{"href":"https:\/\/mestraold.lleset.com\/fr\/wp-json\/wp\/v2\/product\/55768","targetHints":{"allow":["GET"]}}],"collection":[{"href":"https:\/\/mestraold.lleset.com\/fr\/wp-json\/wp\/v2\/product"}],"about":[{"href":"https:\/\/mestraold.lleset.com\/fr\/wp-json\/wp\/v2\/types\/product"}],"wp:featuredmedia":[{"embeddable":true,"href":"https:\/\/mestraold.lleset.com\/fr\/wp-json\/wp\/v2\/media\/18956"}],"wp:attachment":[{"href":"https:\/\/mestraold.lleset.com\/fr\/wp-json\/wp\/v2\/media?parent=55768"}],"wp:term":[{"taxonomy":"product_cat","embeddable":true,"href":"https:\/\/mestraold.lleset.com\/fr\/wp-json\/wp\/v2\/product_cat?post=55768"},{"taxonomy":"product_tag","embeddable":true,"href":"https:\/\/mestraold.lleset.com\/fr\/wp-json\/wp\/v2\/product_tag?post=55768"}],"curies":[{"name":"wp","href":"https:\/\/api.w.org\/{rel}","templated":true}]}}