{"id":55767,"date":"2023-03-05T10:58:08","date_gmt":"2023-03-18T12:09:20","guid":{"rendered":"https:\/\/mestra.migracionesbgweb.com\/producto\/chariot-avec-3-etageres-et-3-prises-de-courant-avec-tiroir\/"},"modified":"2023-07-03T20:51:53","modified_gmt":"2023-07-03T18:51:53","slug":"chariot-avec-3-etageres-et-3-prises-de-courant-avec-tiroir","status":"publish","type":"product","link":"https:\/\/mestraold.lleset.com\/fr\/produit\/chariot-avec-3-etageres-et-3-prises-de-courant-avec-tiroir\/","title":{"rendered":"Chariot avec 3 etageres et 3 prises de courant avec tiroir"},"content":{"rendered":"<p>Fabriqu\u00e9 en acier \u00e9maill\u00e9 en blanc.<\/p>\n<p>3 plateaux de 338 x 396 mm.<\/p>\n<p>3 prises de courant pour alimenter les \u00e9quipements.<\/p>\n<p>4 roues. D\u00e9placement \u00e9quilibr\u00e9 et doux.<\/p>\n<p>La Capacit\u00e9 m\u00e1xima de cada balda es de 5 kg.<\/p>\n","protected":false},"excerpt":{"rendered":"<p>Fabriqu\u00e9 en acier \u00e9maill\u00e9 en blanc. 3 plateaux de 338 x 396 mm. 3 prises de courant pour alimenter les \u00e9quipements. 4 roues. D\u00e9placement \u00e9quilibr\u00e9 et doux. La Capacit\u00e9 m\u00e1xima de cada balda es de 5 kg.<\/p>\n","protected":false},"featured_media":62683,"template":"","meta":[],"product_cat":[202,235],"product_tag":[],"class_list":["post-55767","product","type-product","status-publish","has-post-thumbnail","hentry","product_cat-laboratoire","product_cat-mobilier-laboratoire"],"acf":[],"df_price":256.24,"df_sale_price":256.24,"df_regular_price":366.06,"df_image_link":"https:\/\/mestraold.lleset.com\/wp-content\/uploads\/2024\/04\/100308-300x300.jpg","_links":{"self":[{"href":"https:\/\/mestraold.lleset.com\/fr\/wp-json\/wp\/v2\/product\/55767","targetHints":{"allow":["GET"]}}],"collection":[{"href":"https:\/\/mestraold.lleset.com\/fr\/wp-json\/wp\/v2\/product"}],"about":[{"href":"https:\/\/mestraold.lleset.com\/fr\/wp-json\/wp\/v2\/types\/product"}],"wp:featuredmedia":[{"embeddable":true,"href":"https:\/\/mestraold.lleset.com\/fr\/wp-json\/wp\/v2\/media\/62683"}],"wp:attachment":[{"href":"https:\/\/mestraold.lleset.com\/fr\/wp-json\/wp\/v2\/media?parent=55767"}],"wp:term":[{"taxonomy":"product_cat","embeddable":true,"href":"https:\/\/mestraold.lleset.com\/fr\/wp-json\/wp\/v2\/product_cat?post=55767"},{"taxonomy":"product_tag","embeddable":true,"href":"https:\/\/mestraold.lleset.com\/fr\/wp-json\/wp\/v2\/product_tag?post=55767"}],"curies":[{"name":"wp","href":"https:\/\/api.w.org\/{rel}","templated":true}]}}