{"id":55763,"date":"2023-03-05T10:56:27","date_gmt":"2023-03-18T12:08:30","guid":{"rendered":"https:\/\/mestra.migracionesbgweb.com\/producto\/purificateur-dair-moyen-modele\/"},"modified":"2023-07-03T20:54:51","modified_gmt":"2023-07-03T18:54:51","slug":"purificateur-dair-moyen-modele","status":"publish","type":"product","link":"https:\/\/mestraold.lleset.com\/fr\/produit\/purificateur-dair-moyen-modele\/","title":{"rendered":"Purificateur d&rsquo;air &#8211; moyen modele"},"content":{"rendered":"<p>Le purificateur d&rsquo;air est un dispositif qui am\u00e9liore la qualit\u00e9 de l&rsquo;air dans n&rsquo;importe quel type d&rsquo;espace. Sa fonction principale est d&rsquo;\u00e9liminer les particules de poussi\u00e8re, de salet\u00e9 et de germes qui peuvent \u00eatre pr\u00e9sentes dans l&rsquo;environnement, offrant ainsi un air plus propre et respirable. Il convient de souligner que la mauvaise qualit\u00e9 de l&rsquo;air favorise l&rsquo;apparition de maladies, notamment respiratoires. Apr\u00e8s le traitement, l&rsquo;air est nettement plus propre et respirable, ce qui peut contribuer \u00e0 r\u00e9duire les risques de probl\u00e8mes de sant\u00e9 li\u00e9s \u00e0 la qualit\u00e9 de l&rsquo;air. <\/p>\n<p>Le processus de purification commence par une batterie de filtres \u00e0 trois niveaux diff\u00e9rents : un filtre HEPA bact\u00e9rien, un filtre au charbon actif et un filtre photocatalytique.<\/p>\n<p>Ensuite, une lampe UV haute performance poursuit le travail de nettoyage.<\/p>\n<p>La purification est compl\u00e9t\u00e9e par une ionisation et la possibilit\u00e9 d&rsquo;activer un g\u00e9n\u00e9rateur d&rsquo;ozone.<\/p>\n<p>Il existe trois tailles diff\u00e9rentes en fonction du volume de la pi\u00e8ce \u00e0 traiter.<\/p>\n","protected":false},"excerpt":{"rendered":"<p>Le purificateur d&rsquo;air est un dispositif qui am\u00e9liore la qualit\u00e9 de l&rsquo;air dans n&rsquo;importe quel type d&rsquo;espace. Sa fonction principale est d&rsquo;\u00e9liminer les particules de poussi\u00e8re, de salet\u00e9 et de germes qui peuvent \u00eatre pr\u00e9sentes dans l&rsquo;environnement, offrant ainsi un air plus propre et respirable. Il convient de souligner que la mauvaise qualit\u00e9 de l&rsquo;air [&hellip;]<\/p>\n","protected":false},"featured_media":18915,"template":"","meta":[],"product_cat":[202],"product_tag":[],"class_list":["post-55763","product","type-product","status-publish","has-post-thumbnail","hentry","product_cat-laboratoire"],"acf":[],"df_price":220.19,"df_sale_price":220.19,"df_regular_price":400.34,"df_image_link":"https:\/\/mestraold.lleset.com\/wp-content\/uploads\/2021\/12\/100512-Purificador-de-aire-mediano-300x300.jpg","_links":{"self":[{"href":"https:\/\/mestraold.lleset.com\/fr\/wp-json\/wp\/v2\/product\/55763","targetHints":{"allow":["GET"]}}],"collection":[{"href":"https:\/\/mestraold.lleset.com\/fr\/wp-json\/wp\/v2\/product"}],"about":[{"href":"https:\/\/mestraold.lleset.com\/fr\/wp-json\/wp\/v2\/types\/product"}],"wp:featuredmedia":[{"embeddable":true,"href":"https:\/\/mestraold.lleset.com\/fr\/wp-json\/wp\/v2\/media\/18915"}],"wp:attachment":[{"href":"https:\/\/mestraold.lleset.com\/fr\/wp-json\/wp\/v2\/media?parent=55763"}],"wp:term":[{"taxonomy":"product_cat","embeddable":true,"href":"https:\/\/mestraold.lleset.com\/fr\/wp-json\/wp\/v2\/product_cat?post=55763"},{"taxonomy":"product_tag","embeddable":true,"href":"https:\/\/mestraold.lleset.com\/fr\/wp-json\/wp\/v2\/product_tag?post=55763"}],"curies":[{"name":"wp","href":"https:\/\/api.w.org\/{rel}","templated":true}]}}