{"id":55761,"date":"2023-03-05T10:56:27","date_gmt":"2023-03-18T12:08:30","guid":{"rendered":"https:\/\/mestra.migracionesbgweb.com\/producto\/nebuliseur-electrique-pour-desinfectant-5-l\/"},"modified":"2023-07-03T20:55:09","modified_gmt":"2023-07-03T18:55:09","slug":"nebuliseur-electrique-pour-desinfectant-5-l","status":"publish","type":"product","link":"https:\/\/mestraold.lleset.com\/fr\/produit\/nebuliseur-electrique-pour-desinfectant-5-l\/","title":{"rendered":"Nebuliseur electrique pour desinfectant &#8211; 5 l"},"content":{"rendered":"<p>Appareil pulv\u00e9risateur \/ n\u00e9buliseur \u00e0 haute efficacit\u00e9, capable d&rsquo;atomiser la solution d\u00e9sinfectante en cr\u00e9ant un brouillard extr\u00eamement fin qui p\u00e9n\u00e8tre dans tous les coins.<\/p>\n<p>&#8211; La taille des gouttelettes peut \u00eatre ajust\u00e9e, ainsi que la distance de projection du jet<\/p>\n<p>&#8211; En utilisant les produits appropri\u00e9s, il est possible de d\u00e9sinfecter efficacement de grandes surfaces en seulement quelques minutes (jusqu&rsquo;\u00e0 100 m<sup>2<\/sup> en seulement 10 minutes).<\/p>\n<p>&#8211; Son r\u00e9servoir de 5 litres permet de pulv\u00e9riser de nombreux m\u00e8tres carr\u00e9s avec une seule charge.<\/p>\n<p>&#8211; Le poids r\u00e9duit du n\u00e9buliseur &#8211; environ 3 kg &#8211; ainsi que la bandouli\u00e8re pratique incluse, permettent une utilisation confortable, efficace et s\u00fbre.<\/p>\n<p>&#8211;\u00a0Cet appareil devient indispensable pour d\u00e9sinfecter les surfaces de taille moyenne.<\/p>\n<p>&#8211; La taille des gouttelettes est r\u00e9glable.<\/p>\n","protected":false},"excerpt":{"rendered":"<p>5 Litres<\/p>\n","protected":false},"featured_media":18897,"template":"","meta":[],"product_cat":[202],"product_tag":[],"class_list":["post-55761","product","type-product","status-publish","has-post-thumbnail","hentry","product_cat-laboratoire"],"acf":[],"df_price":232.31,"df_sale_price":232.31,"df_regular_price":422.38,"df_image_link":"https:\/\/mestraold.lleset.com\/wp-content\/uploads\/2021\/12\/Nebulizador-electrico-para-desinfectante-300x300.jpg","_links":{"self":[{"href":"https:\/\/mestraold.lleset.com\/fr\/wp-json\/wp\/v2\/product\/55761","targetHints":{"allow":["GET"]}}],"collection":[{"href":"https:\/\/mestraold.lleset.com\/fr\/wp-json\/wp\/v2\/product"}],"about":[{"href":"https:\/\/mestraold.lleset.com\/fr\/wp-json\/wp\/v2\/types\/product"}],"wp:featuredmedia":[{"embeddable":true,"href":"https:\/\/mestraold.lleset.com\/fr\/wp-json\/wp\/v2\/media\/18897"}],"wp:attachment":[{"href":"https:\/\/mestraold.lleset.com\/fr\/wp-json\/wp\/v2\/media?parent=55761"}],"wp:term":[{"taxonomy":"product_cat","embeddable":true,"href":"https:\/\/mestraold.lleset.com\/fr\/wp-json\/wp\/v2\/product_cat?post=55761"},{"taxonomy":"product_tag","embeddable":true,"href":"https:\/\/mestraold.lleset.com\/fr\/wp-json\/wp\/v2\/product_tag?post=55761"}],"curies":[{"name":"wp","href":"https:\/\/api.w.org\/{rel}","templated":true}]}}