{"id":55759,"date":"2023-03-05T10:56:27","date_gmt":"2023-03-18T12:08:30","guid":{"rendered":"https:\/\/mestra.migracionesbgweb.com\/producto\/generateur-de-vapeur-goldental-35-l\/"},"modified":"2023-07-03T20:48:34","modified_gmt":"2023-07-03T18:48:34","slug":"generateur-de-vapeur-goldental-35-l","status":"publish","type":"product","link":"https:\/\/mestraold.lleset.com\/fr\/produit\/generateur-de-vapeur-goldental-35-l\/","title":{"rendered":"Generateur de vapeur &#8211; goldental 3,5 l"},"content":{"rendered":"<p>Machine professionnelle de g\u00e9n\u00e9ration de vapeur.<\/p>\n<p>En raison de son d\u00e9bit abondant de vapeur s\u00e8che, il est id\u00e9al pour les t\u00e2ches de nettoyage dans la clinique ou le laboratoire dentaire.<\/p>\n<p>&#8211; Capacit\u00e9 de la cuve de 3,5 litres.<\/p>\n<p>&#8211; La pression de service atteint jusqu&rsquo;\u00e0 4 bars, suffisante pour garantir un nettoyage efficace.<\/p>\n<p>&#8211; Sa taille compacte permet une installation facile.<\/p>\n<p>&#8211; Design attrayant et moderne.<\/p>\n<p>&#8211; La pression de service est atteinte en seulement quelques minutes.<\/p>\n<p>&#8211; En cas de manque d&rsquo;eau, un indicateur avertit l&rsquo;utilisateur.<\/p>\n<p>Il est recommand\u00e9 d&rsquo;utiliser de l&rsquo;eau d\u00e9min\u00e9ralis\u00e9e, voire mieux, de l&rsquo;eau distill\u00e9e.<\/p>\n","protected":false},"excerpt":{"rendered":"<p>Goldental<\/p>\n","protected":false},"featured_media":18874,"template":"","meta":[],"product_cat":[202],"product_tag":[],"class_list":["post-55759","product","type-product","status-publish","has-post-thumbnail","hentry","product_cat-laboratoire"],"acf":[],"df_price":333.32,"df_sale_price":333.32,"df_regular_price":606.03,"df_image_link":"https:\/\/mestraold.lleset.com\/wp-content\/uploads\/2021\/12\/100195-Maquina-de-vapor-35-300x300.jpg","_links":{"self":[{"href":"https:\/\/mestraold.lleset.com\/fr\/wp-json\/wp\/v2\/product\/55759","targetHints":{"allow":["GET"]}}],"collection":[{"href":"https:\/\/mestraold.lleset.com\/fr\/wp-json\/wp\/v2\/product"}],"about":[{"href":"https:\/\/mestraold.lleset.com\/fr\/wp-json\/wp\/v2\/types\/product"}],"wp:featuredmedia":[{"embeddable":true,"href":"https:\/\/mestraold.lleset.com\/fr\/wp-json\/wp\/v2\/media\/18874"}],"wp:attachment":[{"href":"https:\/\/mestraold.lleset.com\/fr\/wp-json\/wp\/v2\/media?parent=55759"}],"wp:term":[{"taxonomy":"product_cat","embeddable":true,"href":"https:\/\/mestraold.lleset.com\/fr\/wp-json\/wp\/v2\/product_cat?post=55759"},{"taxonomy":"product_tag","embeddable":true,"href":"https:\/\/mestraold.lleset.com\/fr\/wp-json\/wp\/v2\/product_tag?post=55759"}],"curies":[{"name":"wp","href":"https:\/\/api.w.org\/{rel}","templated":true}]}}