{"id":55758,"date":"2023-03-05T10:56:27","date_gmt":"2023-03-18T12:08:30","guid":{"rendered":"https:\/\/mestra.migracionesbgweb.com\/producto\/generateur-de-vapeur-3-l\/"},"modified":"2023-08-31T16:50:09","modified_gmt":"2023-08-31T14:50:09","slug":"generateur-de-vapeur-3-l","status":"publish","type":"product","link":"https:\/\/mestraold.lleset.com\/fr\/produit\/generateur-de-vapeur-3-l\/","title":{"rendered":"Generateur de vapeur 3 l"},"content":{"rendered":"<p>Fiable, s\u00fbr, r\u00e9sistent. Capacit\u00e9 de la cuve de 3 litres avec une pression respective de travail de 3 atmosph\u00e8res.<\/p>\n<p>La cuve est fabrique\u00e9 enti\u00e8rement en acier inoxydable de premi\u00e8re qualit\u00e9.<\/p>\n<p>La puissance de la r\u00e9sistance permet d\u2019atteindre la pression de travail en quelques minutes.<\/p>\n<p>Un regard permet de visualiser le niveau de l\u2019eay dans la cuve.<\/p>\n<p>Afin d\u2019eviter le vieillissement pr\u00e9matur\u00e9 de la machine on doit alimenter le g\u00e9n\u00e9rateur de 3 litres avec de l\u2019eau distil\u00e9e.<\/p>\n","protected":false},"excerpt":{"rendered":"<p>3 Litres<\/p>\n","protected":false},"featured_media":18861,"template":"","meta":[],"product_cat":[202],"product_tag":[],"class_list":["post-55758","product","type-product","status-publish","has-post-thumbnail","hentry","product_cat-laboratoire"],"acf":[],"df_price":760.84,"df_sale_price":760.84,"df_regular_price":1383.34,"df_image_link":"https:\/\/mestraold.lleset.com\/wp-content\/uploads\/2021\/12\/700-MAQUINA-DE-VAPOR-300x300.jpg","_links":{"self":[{"href":"https:\/\/mestraold.lleset.com\/fr\/wp-json\/wp\/v2\/product\/55758","targetHints":{"allow":["GET"]}}],"collection":[{"href":"https:\/\/mestraold.lleset.com\/fr\/wp-json\/wp\/v2\/product"}],"about":[{"href":"https:\/\/mestraold.lleset.com\/fr\/wp-json\/wp\/v2\/types\/product"}],"wp:featuredmedia":[{"embeddable":true,"href":"https:\/\/mestraold.lleset.com\/fr\/wp-json\/wp\/v2\/media\/18861"}],"wp:attachment":[{"href":"https:\/\/mestraold.lleset.com\/fr\/wp-json\/wp\/v2\/media?parent=55758"}],"wp:term":[{"taxonomy":"product_cat","embeddable":true,"href":"https:\/\/mestraold.lleset.com\/fr\/wp-json\/wp\/v2\/product_cat?post=55758"},{"taxonomy":"product_tag","embeddable":true,"href":"https:\/\/mestraold.lleset.com\/fr\/wp-json\/wp\/v2\/product_tag?post=55758"}],"curies":[{"name":"wp","href":"https:\/\/api.w.org\/{rel}","templated":true}]}}