{"id":55757,"date":"2023-03-05T10:56:27","date_gmt":"2023-03-18T12:08:30","guid":{"rendered":"https:\/\/mestra.migracionesbgweb.com\/producto\/incubateur-pour-indicateurs-biologiques-practic\/"},"modified":"2023-07-03T20:54:06","modified_gmt":"2023-07-03T18:54:06","slug":"incubateur-pour-indicateurs-biologiques-practic","status":"publish","type":"product","link":"https:\/\/mestraold.lleset.com\/fr\/produit\/incubateur-pour-indicateurs-biologiques-practic\/","title":{"rendered":"Incubateur pour indicateurs biologiques &#8211; practic"},"content":{"rendered":"<p>Incubateur de spores simple d\u2019emploi.<\/p>\n<p>Les deux mod\u00e8les poss\u00e8dent 4 chambres pour pouvoir effectuer diff\u00e9rents tests simultan\u00e9men.<\/p>\n<p>Ils r\u00e9alisent l\u2019incubation \u00e0 57,5 \u00b0C.<\/p>\n<p>35 \u00baC \u00b12,5 \u00baC\u00a0<em>para Bacillus Subtilis<\/em><\/p>\n<p>57,5 \u00baC \u00b12,5 \u00baC para\u00a0<em>Geobacillus Stearothermophilus<\/em><\/p>\n<p>C\u2019est un appareil indispensable au cabinet pour r\u00e9aliser les tests n\u00e9cessaires qui confirment le bon fonctionnement des appareils de st\u00e9rilisation.<\/p>\n","protected":false},"excerpt":{"rendered":"<p>Muy funcional y econ\u00f3mica<\/p>\n","protected":false},"featured_media":18856,"template":"","meta":[],"product_cat":[181,190],"product_tag":[],"class_list":["post-55757","product","type-product","status-publish","has-post-thumbnail","hentry","product_cat-cabinet","product_cat-machines-cabinet"],"acf":[],"df_price":90.9,"df_sale_price":90.9,"df_regular_price":165.28,"df_image_link":"https:\/\/mestraold.lleset.com\/wp-content\/uploads\/2021\/12\/Incubadora-de-esporas-Practic-300x300.jpg","_links":{"self":[{"href":"https:\/\/mestraold.lleset.com\/fr\/wp-json\/wp\/v2\/product\/55757","targetHints":{"allow":["GET"]}}],"collection":[{"href":"https:\/\/mestraold.lleset.com\/fr\/wp-json\/wp\/v2\/product"}],"about":[{"href":"https:\/\/mestraold.lleset.com\/fr\/wp-json\/wp\/v2\/types\/product"}],"wp:featuredmedia":[{"embeddable":true,"href":"https:\/\/mestraold.lleset.com\/fr\/wp-json\/wp\/v2\/media\/18856"}],"wp:attachment":[{"href":"https:\/\/mestraold.lleset.com\/fr\/wp-json\/wp\/v2\/media?parent=55757"}],"wp:term":[{"taxonomy":"product_cat","embeddable":true,"href":"https:\/\/mestraold.lleset.com\/fr\/wp-json\/wp\/v2\/product_cat?post=55757"},{"taxonomy":"product_tag","embeddable":true,"href":"https:\/\/mestraold.lleset.com\/fr\/wp-json\/wp\/v2\/product_tag?post=55757"}],"curies":[{"name":"wp","href":"https:\/\/api.w.org\/{rel}","templated":true}]}}