{"id":55756,"date":"2023-03-05T10:56:27","date_gmt":"2023-03-18T12:08:30","guid":{"rendered":"https:\/\/mestra.migracionesbgweb.com\/producto\/incubateur-pour-indicateurs-biologiques-elite-avec-display\/"},"modified":"2023-07-03T20:53:57","modified_gmt":"2023-07-03T18:53:57","slug":"incubateur-pour-indicateurs-biologiques-elite-avec-display","status":"publish","type":"product","link":"https:\/\/mestraold.lleset.com\/fr\/produit\/incubateur-pour-indicateurs-biologiques-elite-avec-display\/","title":{"rendered":"Incubateur pour indicateurs biologiques &#8211; elite &#8211; avec display"},"content":{"rendered":"<p>Incubateur de spores simple d\u2019emploi.<\/p>\n<p>Avec affichage Digitale et temp\u00e9rature r\u00e9glable.<\/p>\n<p>Les deux mod\u00e8les poss\u00e8dent 4 chambres pour pouvoir effectuer diff\u00e9rents tests simultan\u00e9men.<\/p>\n<p>Le affichage Digitale qui indique la temp\u00e9rature et le temps restant pour la finalisation du ou des tests. Il peut \u00e9galement afficher les anomalies telles qu\u2019une coupure d\u2019\u00e9lectricit\u00e9 qui viendrait fausser les r\u00e9sultats.<\/p>\n<p>Ils r\u00e9alisent l\u2019incubation \u00e0 57,5 \u00b0C. Le mod\u00e8le Elite peut \u00e9galement travailler \u00e0 35 \u00b0C en fonction du type de spores utilis\u00e9es.<\/p>\n<p>35 \u00baC \u00b12,5 \u00baC\u00a0<em>pour Bacillus Subtilis<\/em><\/p>\n<p>57,5 \u00baC \u00b12,5 \u00baC pour\u00a0<em>Geobacillus Stearothermophilus<\/em><\/p>\n<p>C\u2019est un appareil indispensable au cabinet pour r\u00e9aliser les tests n\u00e9cessaires qui confirment le bon fonctionnement des appareils de st\u00e9rilisation.<\/p>\n","protected":false},"excerpt":{"rendered":"<p>Avec affichage Digitale et temp\u00e9rature r\u00e9glable<\/p>\n","protected":false},"featured_media":18847,"template":"","meta":[],"product_cat":[181,190],"product_tag":[],"class_list":["post-55756","product","type-product","status-publish","has-post-thumbnail","hentry","product_cat-cabinet","product_cat-machines-cabinet"],"acf":[],"df_price":211.19,"df_sale_price":211.19,"df_regular_price":383.99,"df_image_link":"https:\/\/mestraold.lleset.com\/wp-content\/uploads\/2021\/12\/100370-Incubadora-de-esporas-Elite-300x300.jpg","_links":{"self":[{"href":"https:\/\/mestraold.lleset.com\/fr\/wp-json\/wp\/v2\/product\/55756","targetHints":{"allow":["GET"]}}],"collection":[{"href":"https:\/\/mestraold.lleset.com\/fr\/wp-json\/wp\/v2\/product"}],"about":[{"href":"https:\/\/mestraold.lleset.com\/fr\/wp-json\/wp\/v2\/types\/product"}],"wp:featuredmedia":[{"embeddable":true,"href":"https:\/\/mestraold.lleset.com\/fr\/wp-json\/wp\/v2\/media\/18847"}],"wp:attachment":[{"href":"https:\/\/mestraold.lleset.com\/fr\/wp-json\/wp\/v2\/media?parent=55756"}],"wp:term":[{"taxonomy":"product_cat","embeddable":true,"href":"https:\/\/mestraold.lleset.com\/fr\/wp-json\/wp\/v2\/product_cat?post=55756"},{"taxonomy":"product_tag","embeddable":true,"href":"https:\/\/mestraold.lleset.com\/fr\/wp-json\/wp\/v2\/product_tag?post=55756"}],"curies":[{"name":"wp","href":"https:\/\/api.w.org\/{rel}","templated":true}]}}