{"id":55755,"date":"2023-03-05T10:54:39","date_gmt":"2023-03-18T12:07:53","guid":{"rendered":"https:\/\/mestra.migracionesbgweb.com\/producto\/machine-a-distiller-et-a-decalcifier\/"},"modified":"2023-09-07T16:18:07","modified_gmt":"2023-09-07T14:18:07","slug":"machine-a-distiller-et-a-decalcifier","status":"publish","type":"product","link":"https:\/\/mestraold.lleset.com\/fr\/produit\/machine-a-distiller-et-a-decalcifier\/","title":{"rendered":"Machine a distiller et a decalcifier"},"content":{"rendered":"<p>Simple et pratique. Il suffit de remplir avec de l\u2019eau du robinet pour obtenir 4 litres d\u2019eau distill\u00e9e dans un temps approximatif de 5 heures.<\/p>\n<p>Fonctionnement compl\u00e8tement automatique et silencieux. Le nettoyage de la cuve est ais\u00e9 et rapide. L\u2019eau ainsi distill\u00e9e est d\u2019une grande puret\u00e9. (entre 2 y 10 mg\/litre de r\u00e9sidu liquide) et peut \u00eatre employ\u00e9e dans une multitude d\u2019applications tant en cabinet dentaire qu\u2019en laboratoire de proth\u00e8ses (autoclaves, eau de m\u00e9lange pour rev\u00eatements et pl\u00e2tres, pour g\u00e9n\u00e9rateurs de vapeur etc.).<\/p>\n<p><strong>IMPORTANT- L\u2019eau produite correspond a type \u201cDISTILLEE\u201d. Cependant elle ne doit pas servir en injection, nettoyage de blessures ni m\u00eame en g\u00e9n\u00e9ral pour toutes d\u2019application de type chirurgical n\u00e9cessitant une puret\u00e9 de type TRI-DISTILL\u00c9E.<\/strong><\/p>\n","protected":false},"excerpt":{"rendered":"<p>Simple et pratique. Il suffit de remplir avec de l\u2019eau du robinet pour obtenir 4 litres d\u2019eau distill\u00e9e dans un temps approximatif de 5 heures. Fonctionnement compl\u00e8tement automatique et silencieux. Le nettoyage de la cuve est ais\u00e9 et rapide. L\u2019eau ainsi distill\u00e9e est d\u2019une grande puret\u00e9. (entre 2 y 10 mg\/litre de r\u00e9sidu liquide) et [&hellip;]<\/p>\n","protected":false},"featured_media":18834,"template":"","meta":[],"product_cat":[181,190],"product_tag":[],"class_list":["post-55755","product","type-product","status-publish","has-post-thumbnail","hentry","product_cat-cabinet","product_cat-machines-cabinet"],"acf":[],"df_price":162.16,"df_sale_price":162.16,"df_regular_price":294.84,"df_image_link":"https:\/\/mestraold.lleset.com\/wp-content\/uploads\/2021\/12\/838-DESTILADOR-DESCALCIFICADOR-300x245.jpg","_links":{"self":[{"href":"https:\/\/mestraold.lleset.com\/fr\/wp-json\/wp\/v2\/product\/55755","targetHints":{"allow":["GET"]}}],"collection":[{"href":"https:\/\/mestraold.lleset.com\/fr\/wp-json\/wp\/v2\/product"}],"about":[{"href":"https:\/\/mestraold.lleset.com\/fr\/wp-json\/wp\/v2\/types\/product"}],"wp:featuredmedia":[{"embeddable":true,"href":"https:\/\/mestraold.lleset.com\/fr\/wp-json\/wp\/v2\/media\/18834"}],"wp:attachment":[{"href":"https:\/\/mestraold.lleset.com\/fr\/wp-json\/wp\/v2\/media?parent=55755"}],"wp:term":[{"taxonomy":"product_cat","embeddable":true,"href":"https:\/\/mestraold.lleset.com\/fr\/wp-json\/wp\/v2\/product_cat?post=55755"},{"taxonomy":"product_tag","embeddable":true,"href":"https:\/\/mestraold.lleset.com\/fr\/wp-json\/wp\/v2\/product_tag?post=55755"}],"curies":[{"name":"wp","href":"https:\/\/api.w.org\/{rel}","templated":true}]}}