{"id":55753,"date":"2023-03-05T10:54:39","date_gmt":"2023-03-18T12:07:53","guid":{"rendered":"https:\/\/mestra.migracionesbgweb.com\/producto\/uv-cabinet-grand\/"},"modified":"2023-09-04T16:58:49","modified_gmt":"2023-09-04T14:58:49","slug":"uv-cabinet-grand","status":"publish","type":"product","link":"https:\/\/mestraold.lleset.com\/fr\/produit\/uv-cabinet-grand\/","title":{"rendered":"Uv cabinet (grand)"},"content":{"rendered":"<p>Higienisateur UV.<\/p>\n<p>Le cabinet est enti\u00e8rement construit en acier inoxydable facile \u00e0 nettoyer. Il contient 10 niveaux de plateaux dans lesquels les instruments peuvent \u00eatre stock\u00e9s. Les \u00e9l\u00e9ments d\u00e9pos\u00e9s sont soumis \u00e0 l&rsquo;action des rayons UV.<\/p>\n<p>Il est connu que l&rsquo;efficacit\u00e9 des rayons ultraviolets permet d&rsquo;\u00e9liminer les germes de n&rsquo;importe quelle surface.<\/p>\n<p>Dans le domaine de l&rsquo;hygi\u00e8ne, les rayons ultraviolets sont largement utilis\u00e9s dans diff\u00e9rents secteurs : les \u00e9l\u00e9ments \u00e0 d\u00e9sinfecter sont plac\u00e9s dans la chambre o\u00f9 ils sont soumis \u00e0 une lumi\u00e8re UV pendant un temps d\u00e9fini.<\/p>\n<p>Une fois le processus termin\u00e9, une grande partie des microorganismes pr\u00e9sents auront disparu.<\/p>\n","protected":false},"excerpt":{"rendered":"<p>Higienisateur UV. Le cabinet est enti\u00e8rement construit en acier inoxydable facile \u00e0 nettoyer. Il contient 10 niveaux de plateaux dans lesquels les instruments peuvent \u00eatre stock\u00e9s. Les \u00e9l\u00e9ments d\u00e9pos\u00e9s sont soumis \u00e0 l&rsquo;action des rayons UV. Il est connu que l&rsquo;efficacit\u00e9 des rayons ultraviolets permet d&rsquo;\u00e9liminer les germes de n&rsquo;importe quelle surface. Dans le domaine [&hellip;]<\/p>\n","protected":false},"featured_media":18816,"template":"","meta":[],"product_cat":[202],"product_tag":[],"class_list":["post-55753","product","type-product","status-publish","has-post-thumbnail","hentry","product_cat-laboratoire"],"acf":[],"df_price":168.34,"df_sale_price":168.34,"df_regular_price":306.08,"df_image_link":"https:\/\/mestraold.lleset.com\/wp-content\/uploads\/2021\/12\/100504-Cabina-UV-Armario-10-baldas-grande-300x300.jpg","_links":{"self":[{"href":"https:\/\/mestraold.lleset.com\/fr\/wp-json\/wp\/v2\/product\/55753","targetHints":{"allow":["GET"]}}],"collection":[{"href":"https:\/\/mestraold.lleset.com\/fr\/wp-json\/wp\/v2\/product"}],"about":[{"href":"https:\/\/mestraold.lleset.com\/fr\/wp-json\/wp\/v2\/types\/product"}],"wp:featuredmedia":[{"embeddable":true,"href":"https:\/\/mestraold.lleset.com\/fr\/wp-json\/wp\/v2\/media\/18816"}],"wp:attachment":[{"href":"https:\/\/mestraold.lleset.com\/fr\/wp-json\/wp\/v2\/media?parent=55753"}],"wp:term":[{"taxonomy":"product_cat","embeddable":true,"href":"https:\/\/mestraold.lleset.com\/fr\/wp-json\/wp\/v2\/product_cat?post=55753"},{"taxonomy":"product_tag","embeddable":true,"href":"https:\/\/mestraold.lleset.com\/fr\/wp-json\/wp\/v2\/product_tag?post=55753"}],"curies":[{"name":"wp","href":"https:\/\/api.w.org\/{rel}","templated":true}]}}