{"id":55752,"date":"2023-03-05T10:54:39","date_gmt":"2023-03-18T12:07:53","guid":{"rendered":"https:\/\/mestra.migracionesbgweb.com\/producto\/uv-cabinet-moyen\/"},"modified":"2023-07-03T20:54:24","modified_gmt":"2023-07-03T18:54:24","slug":"uv-cabinet-moyen","status":"publish","type":"product","link":"https:\/\/mestraold.lleset.com\/fr\/produit\/uv-cabinet-moyen\/","title":{"rendered":"Uv cabinet (moyen)"},"content":{"rendered":"<p>Higienisateur UV de taille moyenne<\/p>\n<p>Sa chambre permet de traiter le m\u00eame type d&rsquo;articles que le mod\u00e8le petit, mais en plus grande quantit\u00e9 ; ou si on pr\u00e9f\u00e8re, des objets de plus grande taille.<\/p>\n<p>Ideal pour les cliniques et les laboratoires.<\/p>\n<p>Il est connu que l&rsquo;efficacit\u00e9 des rayons ultraviolets permet d&rsquo;\u00e9liminer les germes de n&rsquo;importe quelle surface.<\/p>\n<p>Dans le domaine de l&rsquo;hygi\u00e8ne, les rayons ultraviolets sont largement utilis\u00e9s dans diff\u00e9rents secteurs : les \u00e9l\u00e9ments \u00e0 d\u00e9sinfecter sont plac\u00e9s dans la chambre o\u00f9 ils sont soumis \u00e0 une lumi\u00e8re UV pendant un temps d\u00e9fini.  <\/p>\n<p>Une fois le processus termin\u00e9, une grande partie des microorganismes pr\u00e9sents auront disparu.<\/p>\n","protected":false},"excerpt":{"rendered":"<p>Higienisateur UV de taille moyenne Sa chambre permet de traiter le m\u00eame type d&rsquo;articles que le mod\u00e8le petit, mais en plus grande quantit\u00e9 ; ou si on pr\u00e9f\u00e8re, des objets de plus grande taille. Ideal pour les cliniques et les laboratoires. Il est connu que l&rsquo;efficacit\u00e9 des rayons ultraviolets permet d&rsquo;\u00e9liminer les germes de n&rsquo;importe [&hellip;]<\/p>\n","protected":false},"featured_media":18803,"template":"","meta":[],"product_cat":[202],"product_tag":[],"class_list":["post-55752","product","type-product","status-publish","has-post-thumbnail","hentry","product_cat-laboratoire"],"acf":[],"df_price":131.31,"df_sale_price":131.31,"df_regular_price":238.74,"df_image_link":"https:\/\/mestraold.lleset.com\/wp-content\/uploads\/2021\/12\/100502-Cabina-UV-Armario-Mediana-300x300.jpg","_links":{"self":[{"href":"https:\/\/mestraold.lleset.com\/fr\/wp-json\/wp\/v2\/product\/55752","targetHints":{"allow":["GET"]}}],"collection":[{"href":"https:\/\/mestraold.lleset.com\/fr\/wp-json\/wp\/v2\/product"}],"about":[{"href":"https:\/\/mestraold.lleset.com\/fr\/wp-json\/wp\/v2\/types\/product"}],"wp:featuredmedia":[{"embeddable":true,"href":"https:\/\/mestraold.lleset.com\/fr\/wp-json\/wp\/v2\/media\/18803"}],"wp:attachment":[{"href":"https:\/\/mestraold.lleset.com\/fr\/wp-json\/wp\/v2\/media?parent=55752"}],"wp:term":[{"taxonomy":"product_cat","embeddable":true,"href":"https:\/\/mestraold.lleset.com\/fr\/wp-json\/wp\/v2\/product_cat?post=55752"},{"taxonomy":"product_tag","embeddable":true,"href":"https:\/\/mestraold.lleset.com\/fr\/wp-json\/wp\/v2\/product_tag?post=55752"}],"curies":[{"name":"wp","href":"https:\/\/api.w.org\/{rel}","templated":true}]}}