{"id":55751,"date":"2023-03-05T10:54:39","date_gmt":"2023-03-18T12:07:53","guid":{"rendered":"https:\/\/mestra.migracionesbgweb.com\/producto\/uv-cabinet-petit\/"},"modified":"2023-07-03T20:54:15","modified_gmt":"2023-07-03T18:54:15","slug":"uv-cabinet-petit","status":"publish","type":"product","link":"https:\/\/mestraold.lleset.com\/fr\/produit\/uv-cabinet-petit\/","title":{"rendered":"Uv cabinet (petit)"},"content":{"rendered":"<p>Higienisateur UV id\u00e9al pour les petits objets tels que les t\u00e9l\u00e9phones portables, les masques, les porte-cl\u00e9s, les pi\u00e8ces de monnaie, les bijoux, etc. <\/p>\n<p>Tr\u00e8s recommand\u00e9 pour un usage personnel.<\/p>\n<p>Il est connu que l&rsquo;efficacit\u00e9 des rayons ultraviolets permet d&rsquo;\u00e9liminer les germes de n&rsquo;importe quelle surface.<\/p>\n<p>Dans le domaine de l&rsquo;hygi\u00e8ne, les rayons ultraviolets sont largement utilis\u00e9s dans diff\u00e9rents secteurs : les \u00e9l\u00e9ments \u00e0 d\u00e9sinfecter sont plac\u00e9s dans la chambre o\u00f9 ils sont soumis \u00e0 une lumi\u00e8re UV pendant un temps d\u00e9fini.<\/p>\n<p>Une fois le processus termin\u00e9, une grande partie des microorganismes pr\u00e9sents auront disparu.<\/p>\n","protected":false},"excerpt":{"rendered":"<p>Higienisateur UV id\u00e9al pour les petits objets tels que les t\u00e9l\u00e9phones portables, les masques, les porte-cl\u00e9s, les pi\u00e8ces de monnaie, les bijoux, etc. Tr\u00e8s recommand\u00e9 pour un usage personnel. Il est connu que l&rsquo;efficacit\u00e9 des rayons ultraviolets permet d&rsquo;\u00e9liminer les germes de n&rsquo;importe quelle surface. Dans le domaine de l&rsquo;hygi\u00e8ne, les rayons ultraviolets sont largement [&hellip;]<\/p>\n","protected":false},"featured_media":18789,"template":"","meta":[],"product_cat":[202],"product_tag":[],"class_list":["post-55751","product","type-product","status-publish","has-post-thumbnail","hentry","product_cat-laboratoire"],"acf":[],"df_price":37.04,"df_sale_price":37.04,"df_regular_price":67.34,"df_image_link":"https:\/\/mestraold.lleset.com\/wp-content\/uploads\/2021\/12\/100500-Cabina-UV-Pequena-300x300.jpg","_links":{"self":[{"href":"https:\/\/mestraold.lleset.com\/fr\/wp-json\/wp\/v2\/product\/55751","targetHints":{"allow":["GET"]}}],"collection":[{"href":"https:\/\/mestraold.lleset.com\/fr\/wp-json\/wp\/v2\/product"}],"about":[{"href":"https:\/\/mestraold.lleset.com\/fr\/wp-json\/wp\/v2\/types\/product"}],"wp:featuredmedia":[{"embeddable":true,"href":"https:\/\/mestraold.lleset.com\/fr\/wp-json\/wp\/v2\/media\/18789"}],"wp:attachment":[{"href":"https:\/\/mestraold.lleset.com\/fr\/wp-json\/wp\/v2\/media?parent=55751"}],"wp:term":[{"taxonomy":"product_cat","embeddable":true,"href":"https:\/\/mestraold.lleset.com\/fr\/wp-json\/wp\/v2\/product_cat?post=55751"},{"taxonomy":"product_tag","embeddable":true,"href":"https:\/\/mestraold.lleset.com\/fr\/wp-json\/wp\/v2\/product_tag?post=55751"}],"curies":[{"name":"wp","href":"https:\/\/api.w.org\/{rel}","templated":true}]}}