{"id":55750,"date":"2023-03-05T10:54:39","date_gmt":"2023-03-18T12:07:53","guid":{"rendered":"https:\/\/mestra.migracionesbgweb.com\/producto\/thermo-soudeuse-de-sacs\/"},"modified":"2023-07-03T20:35:13","modified_gmt":"2023-07-03T18:35:13","slug":"thermo-soudeuse-de-sacs","status":"publish","type":"product","link":"https:\/\/mestraold.lleset.com\/fr\/produit\/thermo-soudeuse-de-sacs\/","title":{"rendered":"Thermo-soudeuse de sacs"},"content":{"rendered":"<p>Appareil simple et d\u2019un design agr\u00e9able.<\/p>\n<p>Malgr\u00e9 ses dimensions r\u00e9duites, sa longueur maximale de soudage est de 305 mm et la largeur soudage de 12 mm, ce qui en fait une thermo-soudeuse aux prestations similaires \u00e0 des mod\u00e8les beaucoup plus co\u00fbteuses.<\/p>\n<p>Id\u00e9ale pour le cabinet dentaire.<\/p>\n","protected":false},"excerpt":{"rendered":"<p>Appareil simple et d\u2019un design agr\u00e9able. Malgr\u00e9 ses dimensions r\u00e9duites, sa longueur maximale de soudage est de 305 mm et la largeur soudage de 12 mm, ce qui en fait une thermo-soudeuse aux prestations similaires \u00e0 des mod\u00e8les beaucoup plus co\u00fbteuses. Id\u00e9ale pour le cabinet dentaire.<\/p>\n","protected":false},"featured_media":18779,"template":"","meta":[],"product_cat":[181,190],"product_tag":[],"class_list":["post-55750","product","type-product","status-publish","has-post-thumbnail","hentry","product_cat-cabinet","product_cat-machines-cabinet"],"acf":[],"df_price":185.5,"df_sale_price":185.5,"df_regular_price":378.65,"df_image_link":"https:\/\/mestraold.lleset.com\/wp-content\/uploads\/2021\/12\/121-SELLADORA-DE-BOLSAS-300x300.jpg","_links":{"self":[{"href":"https:\/\/mestraold.lleset.com\/fr\/wp-json\/wp\/v2\/product\/55750","targetHints":{"allow":["GET"]}}],"collection":[{"href":"https:\/\/mestraold.lleset.com\/fr\/wp-json\/wp\/v2\/product"}],"about":[{"href":"https:\/\/mestraold.lleset.com\/fr\/wp-json\/wp\/v2\/types\/product"}],"wp:featuredmedia":[{"embeddable":true,"href":"https:\/\/mestraold.lleset.com\/fr\/wp-json\/wp\/v2\/media\/18779"}],"wp:attachment":[{"href":"https:\/\/mestraold.lleset.com\/fr\/wp-json\/wp\/v2\/media?parent=55750"}],"wp:term":[{"taxonomy":"product_cat","embeddable":true,"href":"https:\/\/mestraold.lleset.com\/fr\/wp-json\/wp\/v2\/product_cat?post=55750"},{"taxonomy":"product_tag","embeddable":true,"href":"https:\/\/mestraold.lleset.com\/fr\/wp-json\/wp\/v2\/product_tag?post=55750"}],"curies":[{"name":"wp","href":"https:\/\/api.w.org\/{rel}","templated":true}]}}