{"id":55749,"date":"2023-03-05T10:54:39","date_gmt":"2023-03-18T12:07:53","guid":{"rendered":"https:\/\/mestra.migracionesbgweb.com\/producto\/thermo-soudeuse-de-sacs-automatique\/"},"modified":"2023-07-03T20:35:22","modified_gmt":"2023-07-03T18:35:22","slug":"thermo-soudeuse-de-sacs-automatique","status":"publish","type":"product","link":"https:\/\/mestraold.lleset.com\/fr\/produit\/thermo-soudeuse-de-sacs-automatique\/","title":{"rendered":"Thermo-soudeuse de sacs &#8211; automatique"},"content":{"rendered":"<p>&#8211; Ecran tactile de 7 pouces.<\/p>\n<p>&#8211; Syst\u00e8mes de chauffe et de refroidissement rapides pour une soudure id\u00e9ale.<\/p>\n<p>&#8211; La temp\u00e9rature de soudure peut \u00eatre param\u00e9tr\u00e9e par l\u2019op\u00e9rateur.<\/p>\n<p>&#8211; Son imprimante int\u00e9gr\u00e9e permet de marquer les enregistrements obtenus pour une tra\u00e7abilit\u00e9 correcte aussi bien en clinique qu\u2019en laboratoire.<\/p>\n<p>&#8211; Conforme aux normes ISO 11607-2:2006 et EN 868-5-2009.<\/p>\n","protected":false},"excerpt":{"rendered":"<p>Ecran tactile<\/p>\n","protected":false},"featured_media":18766,"template":"","meta":[],"product_cat":[181,190],"product_tag":[],"class_list":["post-55749","product","type-product","status-publish","has-post-thumbnail","hentry","product_cat-cabinet","product_cat-machines-cabinet"],"acf":[],"df_price":1530.38,"df_sale_price":1530.38,"df_regular_price":2782.5,"df_image_link":"https:\/\/mestraold.lleset.com\/wp-content\/uploads\/2021\/12\/080435-Selladora-de-bolsas-automatica-300x300.jpg","_links":{"self":[{"href":"https:\/\/mestraold.lleset.com\/fr\/wp-json\/wp\/v2\/product\/55749","targetHints":{"allow":["GET"]}}],"collection":[{"href":"https:\/\/mestraold.lleset.com\/fr\/wp-json\/wp\/v2\/product"}],"about":[{"href":"https:\/\/mestraold.lleset.com\/fr\/wp-json\/wp\/v2\/types\/product"}],"wp:featuredmedia":[{"embeddable":true,"href":"https:\/\/mestraold.lleset.com\/fr\/wp-json\/wp\/v2\/media\/18766"}],"wp:attachment":[{"href":"https:\/\/mestraold.lleset.com\/fr\/wp-json\/wp\/v2\/media?parent=55749"}],"wp:term":[{"taxonomy":"product_cat","embeddable":true,"href":"https:\/\/mestraold.lleset.com\/fr\/wp-json\/wp\/v2\/product_cat?post=55749"},{"taxonomy":"product_tag","embeddable":true,"href":"https:\/\/mestraold.lleset.com\/fr\/wp-json\/wp\/v2\/product_tag?post=55749"}],"curies":[{"name":"wp","href":"https:\/\/api.w.org\/{rel}","templated":true}]}}