{"id":55748,"date":"2023-03-05T10:54:39","date_gmt":"2023-03-18T12:07:53","guid":{"rendered":"https:\/\/mestra.migracionesbgweb.com\/producto\/bac-a-ultrasons-calypso\/"},"modified":"2023-07-03T20:35:04","modified_gmt":"2023-07-03T18:35:04","slug":"bac-a-ultrasons-calypso","status":"publish","type":"product","link":"https:\/\/mestraold.lleset.com\/fr\/produit\/bac-a-ultrasons-calypso\/","title":{"rendered":"Bac a ultrasons \u00ab\u00a0calypso\u00a0\u00bb"},"content":{"rendered":"<p>Le mod\u00e8le Calypso est un bac \u00e0 ultrasons de derni\u00e8re g\u00e9n\u00e9ration, \u00e9quip\u00e9 des derni\u00e8res nouveaut\u00e9s technologiques:<\/p>\n<p>&#8211; Transducteurs de type sandwich, \u00e0 puissance r\u00e9elle transmise \u00e0 la cuve de 100 W<\/p>\n<p>&#8211; Fr\u00e9quence de fonctionnement de 40 kHz, ce qui suppose un compromis optimal entre le bruit et la puissance de nettoyage<\/p>\n<p>&#8211; Contr\u00f4le \u00e9lectronique du temps g\u00e9r\u00e9 par un microprocesseur avec affichage Digitale et signaux acoustiques<\/p>\n<p>&#8211; Syst\u00e8me de chauffe automatique du liquide de nettoyage<\/p>\n<p>&#8211; Carcasse fabriqu\u00e9e en polyur\u00e9thane de haute densit\u00e9, mat\u00e9riau r\u00e9sistant aux agents chimiques<\/p>\n<p>&#8211; Capacit\u00e9 de la cuve de 4 litres, vidange etc.<\/p>\n<p>A toutes ces caract\u00e9ristiques s\u2019ajoute une ligne attractive au design soign\u00e9.<\/p>\n","protected":false},"excerpt":{"rendered":"<p>Le mod\u00e8le Calypso est un bac \u00e0 ultrasons de derni\u00e8re g\u00e9n\u00e9ration, \u00e9quip\u00e9 des derni\u00e8res nouveaut\u00e9s technologiques: &#8211; Transducteurs de type sandwich, \u00e0 puissance r\u00e9elle transmise \u00e0 la cuve de 100 W &#8211; Fr\u00e9quence de fonctionnement de 40 kHz, ce qui suppose un compromis optimal entre le bruit et la puissance de nettoyage &#8211; Contr\u00f4le \u00e9lectronique [&hellip;]<\/p>\n","protected":false},"featured_media":18729,"template":"","meta":[],"product_cat":[202],"product_tag":[],"class_list":["post-55748","product","type-product","status-publish","has-post-thumbnail","hentry","product_cat-laboratoire"],"acf":[],"df_price":765.77,"df_sale_price":765.77,"df_regular_price":1392.3,"df_image_link":"https:\/\/mestraold.lleset.com\/wp-content\/uploads\/2021\/12\/678-BAN\u0303O-ULTRASONIDO-CALYPSO-300x225.jpg","_links":{"self":[{"href":"https:\/\/mestraold.lleset.com\/fr\/wp-json\/wp\/v2\/product\/55748","targetHints":{"allow":["GET"]}}],"collection":[{"href":"https:\/\/mestraold.lleset.com\/fr\/wp-json\/wp\/v2\/product"}],"about":[{"href":"https:\/\/mestraold.lleset.com\/fr\/wp-json\/wp\/v2\/types\/product"}],"wp:featuredmedia":[{"embeddable":true,"href":"https:\/\/mestraold.lleset.com\/fr\/wp-json\/wp\/v2\/media\/18729"}],"wp:attachment":[{"href":"https:\/\/mestraold.lleset.com\/fr\/wp-json\/wp\/v2\/media?parent=55748"}],"wp:term":[{"taxonomy":"product_cat","embeddable":true,"href":"https:\/\/mestraold.lleset.com\/fr\/wp-json\/wp\/v2\/product_cat?post=55748"},{"taxonomy":"product_tag","embeddable":true,"href":"https:\/\/mestraold.lleset.com\/fr\/wp-json\/wp\/v2\/product_tag?post=55748"}],"curies":[{"name":"wp","href":"https:\/\/api.w.org\/{rel}","templated":true}]}}