{"id":55747,"date":"2023-03-05T10:54:39","date_gmt":"2023-03-18T12:07:53","guid":{"rendered":"https:\/\/mestra.migracionesbgweb.com\/producto\/bac-a-ultrasons-mini\/"},"modified":"2023-07-03T10:54:36","modified_gmt":"2023-07-03T08:54:36","slug":"bac-a-ultrasons-mini","status":"publish","type":"product","link":"https:\/\/mestraold.lleset.com\/fr\/produit\/bac-a-ultrasons-mini\/","title":{"rendered":"Bac a ultrasons &#8211; mini"},"content":{"rendered":"<p>Simple et facile \u00e0 utiliser. <\/p>\n<p>Gr\u00e2ce \u00e0 l\u2019utilisation des ultrasons on obtient un nettoyage rigoureux des proth\u00e8ses dentaires amovibles.<\/p>\n<p>La cuve d\u00e9montable permet un entretien meilleur et plus facile.<\/p>\n<p>L\u2019appareil est livr\u00e9 avec un couVoir produitcle protecteur en plastique.<\/p>\n","protected":false},"excerpt":{"rendered":"<p>Simple et facile \u00e0 utiliser. Gr\u00e2ce \u00e0 l\u2019utilisation des ultrasons on obtient un nettoyage rigoureux des proth\u00e8ses dentaires amovibles. La cuve d\u00e9montable permet un entretien meilleur et plus facile. L\u2019appareil est livr\u00e9 avec un couVoir produitcle protecteur en plastique.<\/p>\n","protected":false},"featured_media":18720,"template":"","meta":[],"product_cat":[202],"product_tag":[],"class_list":["post-55747","product","type-product","status-publish","has-post-thumbnail","hentry","product_cat-laboratoire"],"acf":[],"df_price":135.79,"df_sale_price":"","df_regular_price":135.79,"df_image_link":"https:\/\/mestraold.lleset.com\/wp-content\/uploads\/2021\/12\/837-BANO-DE-ULTRASONIDOS-MINI-300x225.jpg","_links":{"self":[{"href":"https:\/\/mestraold.lleset.com\/fr\/wp-json\/wp\/v2\/product\/55747","targetHints":{"allow":["GET"]}}],"collection":[{"href":"https:\/\/mestraold.lleset.com\/fr\/wp-json\/wp\/v2\/product"}],"about":[{"href":"https:\/\/mestraold.lleset.com\/fr\/wp-json\/wp\/v2\/types\/product"}],"wp:featuredmedia":[{"embeddable":true,"href":"https:\/\/mestraold.lleset.com\/fr\/wp-json\/wp\/v2\/media\/18720"}],"wp:attachment":[{"href":"https:\/\/mestraold.lleset.com\/fr\/wp-json\/wp\/v2\/media?parent=55747"}],"wp:term":[{"taxonomy":"product_cat","embeddable":true,"href":"https:\/\/mestraold.lleset.com\/fr\/wp-json\/wp\/v2\/product_cat?post=55747"},{"taxonomy":"product_tag","embeddable":true,"href":"https:\/\/mestraold.lleset.com\/fr\/wp-json\/wp\/v2\/product_tag?post=55747"}],"curies":[{"name":"wp","href":"https:\/\/api.w.org\/{rel}","templated":true}]}}