{"id":55745,"date":"2023-03-05T10:52:54","date_gmt":"2023-03-18T12:07:26","guid":{"rendered":"https:\/\/mestra.migracionesbgweb.com\/producto\/unite-daspiration-extra-orale\/"},"modified":"2023-07-03T20:53:09","modified_gmt":"2023-07-03T18:53:09","slug":"unite-daspiration-extra-orale","status":"publish","type":"product","link":"https:\/\/mestraold.lleset.com\/fr\/produit\/unite-daspiration-extra-orale\/","title":{"rendered":"Unite d&rsquo;aspiration extra-orale"},"content":{"rendered":"<ul>\n<li>Deux niveaux de puissance.<\/li>\n<li>2 cartouches de filtre compos\u00e9es de:\n<ul>\n<li>a. Un filtre grossier pour les petites particules.<\/li>\n<li>b. Un filtre \u00e0 charbon actif.<\/li>\n<li>c. Un filtre HEPA H13.<\/li>\n<\/ul>\n<\/li>\n<li>Lumi\u00e8re UV.<\/li>\n<li>G\u00e9n\u00e9rateur de plasma.<\/li>\n<li>Forme ergonomique et facile \u00e0 manipuler pour une bonne position de travail.<\/li>\n<li>Bras d&rsquo;aspiration semi-rigide, autoportant et facile \u00e0 nettoyer.<\/li>\n<li>Bo\u00eetier facile \u00e0 nettoyer.<\/li>\n<li>Compteur d&rsquo;heures d&rsquo;utilisation.<\/li>\n<\/ul>\n","protected":false},"excerpt":{"rendered":"<p>Deux niveaux de puissance. 2 cartouches de filtre compos\u00e9es de: a. Un filtre grossier pour les petites particules. b. Un filtre \u00e0 charbon actif. c. Un filtre HEPA H13. Lumi\u00e8re UV. G\u00e9n\u00e9rateur de plasma. Forme ergonomique et facile \u00e0 manipuler pour une bonne position de travail. Bras d&rsquo;aspiration semi-rigide, autoportant et facile \u00e0 nettoyer. Bo\u00eetier [&hellip;]<\/p>\n","protected":false},"featured_media":18692,"template":"","meta":[],"product_cat":[181,190],"product_tag":[],"class_list":["post-55745","product","type-product","status-publish","has-post-thumbnail","hentry","product_cat-cabinet","product_cat-machines-cabinet"],"acf":[],"df_price":859.46,"df_sale_price":859.46,"df_regular_price":1322.24,"df_image_link":"https:\/\/mestraold.lleset.com\/wp-content\/uploads\/2021\/12\/Aspiracion-extraoral-300x300.jpg","_links":{"self":[{"href":"https:\/\/mestraold.lleset.com\/fr\/wp-json\/wp\/v2\/product\/55745","targetHints":{"allow":["GET"]}}],"collection":[{"href":"https:\/\/mestraold.lleset.com\/fr\/wp-json\/wp\/v2\/product"}],"about":[{"href":"https:\/\/mestraold.lleset.com\/fr\/wp-json\/wp\/v2\/types\/product"}],"wp:featuredmedia":[{"embeddable":true,"href":"https:\/\/mestraold.lleset.com\/fr\/wp-json\/wp\/v2\/media\/18692"}],"wp:attachment":[{"href":"https:\/\/mestraold.lleset.com\/fr\/wp-json\/wp\/v2\/media?parent=55745"}],"wp:term":[{"taxonomy":"product_cat","embeddable":true,"href":"https:\/\/mestraold.lleset.com\/fr\/wp-json\/wp\/v2\/product_cat?post=55745"},{"taxonomy":"product_tag","embeddable":true,"href":"https:\/\/mestraold.lleset.com\/fr\/wp-json\/wp\/v2\/product_tag?post=55745"}],"curies":[{"name":"wp","href":"https:\/\/api.w.org\/{rel}","templated":true}]}}