{"id":55743,"date":"2023-03-05T10:52:54","date_gmt":"2023-03-18T12:07:26","guid":{"rendered":"https:\/\/mestra.migracionesbgweb.com\/producto\/support-porte-pinces\/"},"modified":"2023-07-03T09:14:48","modified_gmt":"2023-07-03T07:14:48","slug":"support-porte-pinces","status":"publish","type":"product","link":"https:\/\/mestraold.lleset.com\/fr\/produit\/support-porte-pinces\/","title":{"rendered":"Support porte-pinces"},"content":{"rendered":"<p>El\u00e9ment de rangement simple et pratique qui permet de garder la table de travail en ordre.  <\/p>\n<p>Les pinces ainsi rang\u00e9es restent \u00e0 port\u00e9e de main, \u00e9vitant au technicien des ouVoir produittures et fermetures de tiroirs. <\/p>\n<p>(Pinces non incluses).<\/p>\n","protected":false},"excerpt":{"rendered":"<p>Pinces non incluses<\/p>\n","protected":false},"featured_media":18649,"template":"","meta":[],"product_cat":[202],"product_tag":[],"class_list":["post-55743","product","type-product","status-publish","has-post-thumbnail","hentry","product_cat-laboratoire"],"acf":[],"df_price":63.03,"df_sale_price":"","df_regular_price":63.03,"df_image_link":"https:\/\/mestraold.lleset.com\/wp-content\/uploads\/2021\/12\/370-SOPORTE-PORTA-ALICATES-300x225.jpg","_links":{"self":[{"href":"https:\/\/mestraold.lleset.com\/fr\/wp-json\/wp\/v2\/product\/55743","targetHints":{"allow":["GET"]}}],"collection":[{"href":"https:\/\/mestraold.lleset.com\/fr\/wp-json\/wp\/v2\/product"}],"about":[{"href":"https:\/\/mestraold.lleset.com\/fr\/wp-json\/wp\/v2\/types\/product"}],"wp:featuredmedia":[{"embeddable":true,"href":"https:\/\/mestraold.lleset.com\/fr\/wp-json\/wp\/v2\/media\/18649"}],"wp:attachment":[{"href":"https:\/\/mestraold.lleset.com\/fr\/wp-json\/wp\/v2\/media?parent=55743"}],"wp:term":[{"taxonomy":"product_cat","embeddable":true,"href":"https:\/\/mestraold.lleset.com\/fr\/wp-json\/wp\/v2\/product_cat?post=55743"},{"taxonomy":"product_tag","embeddable":true,"href":"https:\/\/mestraold.lleset.com\/fr\/wp-json\/wp\/v2\/product_tag?post=55743"}],"curies":[{"name":"wp","href":"https:\/\/api.w.org\/{rel}","templated":true}]}}