{"id":55741,"date":"2023-03-05T10:52:54","date_gmt":"2023-03-18T12:07:26","guid":{"rendered":"https:\/\/mestra.migracionesbgweb.com\/producto\/support-pour-6-godets-dappen\/"},"modified":"2023-07-03T09:55:48","modified_gmt":"2023-07-03T07:55:48","slug":"support-pour-6-godets-dappen","status":"publish","type":"product","link":"https:\/\/mestraold.lleset.com\/fr\/produit\/support-pour-6-godets-dappen\/","title":{"rendered":"Support pour 6 godets dappen"},"content":{"rendered":"<p>En acier inoxydable d\u00e9poli muni de pieds en silicone antid\u00e9rapants. <\/p>\n<p>Tr\u00e9s pratique pour organiser la table de travail. <\/p>\n<p>Dispose de 6 emplacements \u00e0 godets (non fournis).<\/p>\n","protected":false},"excerpt":{"rendered":"<p>En acier inoxydable d\u00e9poli muni de pieds en silicone antid\u00e9rapants. Tr\u00e9s pratique pour organiser la table de travail. Dispose de 6 emplacements \u00e0 godets (non fournis).<\/p>\n","protected":false},"featured_media":18639,"template":"","meta":[],"product_cat":[181],"product_tag":[],"class_list":["post-55741","product","type-product","status-publish","has-post-thumbnail","hentry","product_cat-cabinet"],"acf":[],"df_price":62.65,"df_sale_price":"","df_regular_price":62.65,"df_image_link":"https:\/\/mestraold.lleset.com\/wp-content\/uploads\/2021\/12\/540-SOPORTE-DE-VASOS-DE-DAPPEN-300x225.jpg","_links":{"self":[{"href":"https:\/\/mestraold.lleset.com\/fr\/wp-json\/wp\/v2\/product\/55741","targetHints":{"allow":["GET"]}}],"collection":[{"href":"https:\/\/mestraold.lleset.com\/fr\/wp-json\/wp\/v2\/product"}],"about":[{"href":"https:\/\/mestraold.lleset.com\/fr\/wp-json\/wp\/v2\/types\/product"}],"wp:featuredmedia":[{"embeddable":true,"href":"https:\/\/mestraold.lleset.com\/fr\/wp-json\/wp\/v2\/media\/18639"}],"wp:attachment":[{"href":"https:\/\/mestraold.lleset.com\/fr\/wp-json\/wp\/v2\/media?parent=55741"}],"wp:term":[{"taxonomy":"product_cat","embeddable":true,"href":"https:\/\/mestraold.lleset.com\/fr\/wp-json\/wp\/v2\/product_cat?post=55741"},{"taxonomy":"product_tag","embeddable":true,"href":"https:\/\/mestraold.lleset.com\/fr\/wp-json\/wp\/v2\/product_tag?post=55741"}],"curies":[{"name":"wp","href":"https:\/\/api.w.org\/{rel}","templated":true}]}}