{"id":55728,"date":"2023-03-05T10:51:05","date_gmt":"2023-03-18T12:06:50","guid":{"rendered":"https:\/\/mestra.migracionesbgweb.com\/producto\/scanner-pour-laboratoire\/"},"modified":"2023-07-03T11:51:02","modified_gmt":"2023-07-03T09:51:02","slug":"scanner-pour-laboratoire","status":"publish","type":"product","link":"https:\/\/mestraold.lleset.com\/fr\/produit\/scanner-pour-laboratoire\/","title":{"rendered":"Scanner pour laboratoire"},"content":{"rendered":"<p><strong>MagicEye<\/strong> est un scanner sp\u00e9cialement con\u00e7u pour une utilisation dans le domaine dentaire.<\/p>\n<p>Son logiciels puissants et intuitifs int\u00e9grant un ensemble de commandes moderne et \u00e9tendu, et enti\u00e8rement compatible et int\u00e9grable avec les applications de conception dentaire 3D, ce qui lui conf\u00e8re une grande polyvalence.<\/p>\n<p>Num\u00e9risation tr\u00e8s rapide.<\/p>\n<p>Haute pr\u00e9cision.<\/p>\n<p>Num\u00e9risation haute r\u00e9solution.<\/p>\n","protected":false},"excerpt":{"rendered":"<p>Magic Eye<\/p>\n","protected":false},"featured_media":18460,"template":"","meta":[],"product_cat":[199,202],"product_tag":[],"class_list":["post-55728","product","type-product","status-publish","has-post-thumbnail","hentry","product_cat-digitale-fr","product_cat-laboratoire"],"acf":[],"df_price":4900,"df_sale_price":"","df_regular_price":4900,"df_image_link":"https:\/\/mestraold.lleset.com\/wp-content\/uploads\/2021\/12\/Escaner-de-laboratorio-100150-300x300.jpg","_links":{"self":[{"href":"https:\/\/mestraold.lleset.com\/fr\/wp-json\/wp\/v2\/product\/55728","targetHints":{"allow":["GET"]}}],"collection":[{"href":"https:\/\/mestraold.lleset.com\/fr\/wp-json\/wp\/v2\/product"}],"about":[{"href":"https:\/\/mestraold.lleset.com\/fr\/wp-json\/wp\/v2\/types\/product"}],"wp:featuredmedia":[{"embeddable":true,"href":"https:\/\/mestraold.lleset.com\/fr\/wp-json\/wp\/v2\/media\/18460"}],"wp:attachment":[{"href":"https:\/\/mestraold.lleset.com\/fr\/wp-json\/wp\/v2\/media?parent=55728"}],"wp:term":[{"taxonomy":"product_cat","embeddable":true,"href":"https:\/\/mestraold.lleset.com\/fr\/wp-json\/wp\/v2\/product_cat?post=55728"},{"taxonomy":"product_tag","embeddable":true,"href":"https:\/\/mestraold.lleset.com\/fr\/wp-json\/wp\/v2\/product_tag?post=55728"}],"curies":[{"name":"wp","href":"https:\/\/api.w.org\/{rel}","templated":true}]}}