{"id":55726,"date":"2023-03-05T10:51:05","date_gmt":"2023-03-18T12:06:50","guid":{"rendered":"https:\/\/mestra.migracionesbgweb.com\/producto\/bac-a-ultrasons-acier-inox-2-8-l-avec-temperature-et-drainage\/"},"modified":"2023-09-05T17:01:04","modified_gmt":"2023-09-05T15:01:04","slug":"bac-a-ultrasons-acier-inox-2-8-l-avec-temperature-et-drainage","status":"publish","type":"product","link":"https:\/\/mestraold.lleset.com\/fr\/produit\/bac-a-ultrasons-acier-inox-2-8-l-avec-temperature-et-drainage\/","title":{"rendered":"Bac a ultrasons &#8211; acier inox 2.8 l &#8211; avec temperature et drainage"},"content":{"rendered":"<p><strong>Adapt\u00e9 pour le nettoyage de mod\u00e8les imprim\u00e9s en 3D avec de la r\u00e9sine<\/strong><\/p>\n<p>Fabriqu\u00e9 en acier inoxydable: haute r\u00e9sistance \u00e0 l\u2019usure et longue dur\u00e9e de vie.<\/p>\n<p>Contr\u00f4le num\u00e9rique du temps, facile \u00e0 utiliser.<\/p>\n<p>Il a un drain sur le c\u00f4t\u00e9.<\/p>\n<p>Temps de 1 \u00e0 100 minutes.<\/p>\n<p>Temperature de 1 a 80 \u00baC.<\/p>\n","protected":false},"excerpt":{"rendered":"<p>2,8 L<\/p>\n","protected":false},"featured_media":18450,"template":"","meta":[],"product_cat":[202],"product_tag":[],"class_list":["post-55726","product","type-product","status-publish","has-post-thumbnail","hentry","product_cat-laboratoire"],"acf":[],"df_price":231.22,"df_sale_price":231.22,"df_regular_price":420.4,"df_image_link":"https:\/\/mestraold.lleset.com\/wp-content\/uploads\/2021\/12\/Bano-ultrasonidos-acero-inoxidable-100150-300x300.jpg","_links":{"self":[{"href":"https:\/\/mestraold.lleset.com\/fr\/wp-json\/wp\/v2\/product\/55726","targetHints":{"allow":["GET"]}}],"collection":[{"href":"https:\/\/mestraold.lleset.com\/fr\/wp-json\/wp\/v2\/product"}],"about":[{"href":"https:\/\/mestraold.lleset.com\/fr\/wp-json\/wp\/v2\/types\/product"}],"wp:featuredmedia":[{"embeddable":true,"href":"https:\/\/mestraold.lleset.com\/fr\/wp-json\/wp\/v2\/media\/18450"}],"wp:attachment":[{"href":"https:\/\/mestraold.lleset.com\/fr\/wp-json\/wp\/v2\/media?parent=55726"}],"wp:term":[{"taxonomy":"product_cat","embeddable":true,"href":"https:\/\/mestraold.lleset.com\/fr\/wp-json\/wp\/v2\/product_cat?post=55726"},{"taxonomy":"product_tag","embeddable":true,"href":"https:\/\/mestraold.lleset.com\/fr\/wp-json\/wp\/v2\/product_tag?post=55726"}],"curies":[{"name":"wp","href":"https:\/\/api.w.org\/{rel}","templated":true}]}}