{"id":55725,"date":"2023-03-05T10:49:13","date_gmt":"2023-03-18T12:06:16","guid":{"rendered":"https:\/\/mestra.migracionesbgweb.com\/producto\/agitateur-de-liquide-pour-imprimante-twist-3d\/"},"modified":"2023-09-08T10:54:53","modified_gmt":"2023-09-08T08:54:53","slug":"agitateur-de-liquide-pour-imprimante-twist-3d","status":"publish","type":"product","link":"https:\/\/mestraold.lleset.com\/fr\/produit\/agitateur-de-liquide-pour-imprimante-twist-3d\/","title":{"rendered":"Agitateur de liquide pour imprimante &#8211; twist 3d"},"content":{"rendered":"<p><strong>Dispositif pratique et \u00e9conomique pour l\u2019agitation des bouteilles de r\u00e9sine photopolym\u00e9risable.<\/strong><\/p>\n<p>Pour obtenir un m\u00e9lange homog\u00e8ne de la r\u00e9sine. Indispensable pour r\u00e9ussir les r\u00e9alisations \u00e0 l\u2019imprimante 3D.<\/p>\n<p>Le mouvement rotatif est double ce qui rend l\u2019action de m\u00e9lange douce et tr\u00e8s efficace.<\/p>\n<p>Les caract\u00e9ristiques de la r\u00e9sine ne s\u2019alt\u00e8rent pas gr\u00e2ce \u00e0 un mouvement tr\u00e8s \u00e9nergique.<\/p>\n<p>La machine est tr\u00e8s silencieuse. Elle est \u00e9quip\u00e9e de six rouleaux de 28 cm de l\u2019longueur. La vitesse de rotation peut aller jusqu\u2019\u00e0 70 tours\/min. Elle dispose d\u2019un r\u00e9gulateur de vitesse de rotation.<\/p>\n<p>Elle dispose d\u2019un r\u00e9gulateur de vitesse de rotation.<\/p>\n","protected":false},"excerpt":{"rendered":"<p>Dispositif pratique et \u00e9conomique pour l\u2019agitation des bouteilles de r\u00e9sine photopolym\u00e9risable. Pour obtenir un m\u00e9lange homog\u00e8ne de la r\u00e9sine. Indispensable pour r\u00e9ussir les r\u00e9alisations \u00e0 l\u2019imprimante 3D. Le mouvement rotatif est double ce qui rend l\u2019action de m\u00e9lange douce et tr\u00e8s efficace. Les caract\u00e9ristiques de la r\u00e9sine ne s\u2019alt\u00e8rent pas gr\u00e2ce \u00e0 un mouvement tr\u00e8s [&hellip;]<\/p>\n","protected":false},"featured_media":18445,"template":"","meta":[],"product_cat":[199,202],"product_tag":[],"class_list":["post-55725","product","type-product","status-publish","has-post-thumbnail","hentry","product_cat-digitale-fr","product_cat-laboratoire"],"acf":[],"df_price":267.68,"df_sale_price":267.68,"df_regular_price":411.81,"df_image_link":"https:\/\/mestraold.lleset.com\/wp-content\/uploads\/2021\/12\/150130-Agitador-de-resinas-para-impresora-3D-300x300.jpg","_links":{"self":[{"href":"https:\/\/mestraold.lleset.com\/fr\/wp-json\/wp\/v2\/product\/55725","targetHints":{"allow":["GET"]}}],"collection":[{"href":"https:\/\/mestraold.lleset.com\/fr\/wp-json\/wp\/v2\/product"}],"about":[{"href":"https:\/\/mestraold.lleset.com\/fr\/wp-json\/wp\/v2\/types\/product"}],"wp:featuredmedia":[{"embeddable":true,"href":"https:\/\/mestraold.lleset.com\/fr\/wp-json\/wp\/v2\/media\/18445"}],"wp:attachment":[{"href":"https:\/\/mestraold.lleset.com\/fr\/wp-json\/wp\/v2\/media?parent=55725"}],"wp:term":[{"taxonomy":"product_cat","embeddable":true,"href":"https:\/\/mestraold.lleset.com\/fr\/wp-json\/wp\/v2\/product_cat?post=55725"},{"taxonomy":"product_tag","embeddable":true,"href":"https:\/\/mestraold.lleset.com\/fr\/wp-json\/wp\/v2\/product_tag?post=55725"}],"curies":[{"name":"wp","href":"https:\/\/api.w.org\/{rel}","templated":true}]}}